{"id":41157,"date":"2016-09-06T17:20:55","date_gmt":"2016-09-06T15:20:55","guid":{"rendered":"https:\/\/contarini.net\/de\/produkt\/tco-de\/"},"modified":"2016-09-06T17:20:56","modified_gmt":"2016-09-06T15:20:56","slug":"tco-de","status":"publish","type":"product","link":"https:\/\/contarini.net\/de\/produkt\/tco-de\/","title":{"rendered":"STOPFEN ZUR \u00d6LF\u00dcLLUNG MIT ENTL\u00dcFTUNG TYP TCO"},"content":{"rendered":"<p>Der \u00d6leinf\u00fcllstopfen der Serie TCO ist am Tank angebracht und dient der Bef\u00fcllung. Das Filterk\u00f6rbchen dient der Reinigung des \u00d6ls beim Nachf\u00fcllen.<\/p>\n","protected":false},"excerpt":{"rendered":"<p>Der \u00d6leinf\u00fcllstopfen der Serie TCO ist am Tank angebracht und dient der Bef\u00fcllung. Das Filterk\u00f6rbchen dient der Reinigung des \u00d6ls beim Nachf\u00fcllen.<\/p>\n","protected":false},"featured_media":0,"template":"","product_brand":[],"product_cat":[594],"product_tag":[],"class_list":{"0":"post-41157","1":"product","2":"type-product","3":"status-publish","5":"product_cat-filter-und-zubehoere","6":"odd","8":"first","9":"instock","10":"shipping-taxable","11":"product-type-simple"},"_links":{"self":[{"href":"https:\/\/contarini.net\/de\/wp-json\/wp\/v2\/product\/41157","targetHints":{"allow":["GET"]}}],"collection":[{"href":"https:\/\/contarini.net\/de\/wp-json\/wp\/v2\/product"}],"about":[{"href":"https:\/\/contarini.net\/de\/wp-json\/wp\/v2\/types\/product"}],"wp:attachment":[{"href":"https:\/\/contarini.net\/de\/wp-json\/wp\/v2\/media?parent=41157"}],"wp:term":[{"taxonomy":"product_brand","embeddable":true,"href":"https:\/\/contarini.net\/de\/wp-json\/wp\/v2\/product_brand?post=41157"},{"taxonomy":"product_cat","embeddable":true,"href":"https:\/\/contarini.net\/de\/wp-json\/wp\/v2\/product_cat?post=41157"},{"taxonomy":"product_tag","embeddable":true,"href":"https:\/\/contarini.net\/de\/wp-json\/wp\/v2\/product_tag?post=41157"}],"curies":[{"name":"wp","href":"https:\/\/api.w.org\/{rel}","templated":true}]}}