{"id":41127,"date":"2016-09-06T17:20:32","date_gmt":"2016-09-06T15:20:32","guid":{"rendered":"https:\/\/contarini.net\/de\/produkt\/em90-de\/"},"modified":"2016-09-06T17:20:32","modified_gmt":"2016-09-06T15:20:32","slug":"em90-de","status":"publish","type":"product","link":"https:\/\/contarini.net\/de\/produkt\/em90-de\/","title":{"rendered":"AUSSCHLIESSUNG F\u00dcR MANOMETER &#8211; TYP 90\u00b0 &#8211; TYP &#8222;EM90&#8220;"},"content":{"rendered":"<p>Der Manometerschutz der Serie EM90 besteht aus einem Nadelventil, das w\u00e4hrend des Anlagenbetriebs geschlossen sein muss, um zu verhindern, dass ein \u00fcberm\u00e4\u00dfiges Schwanken der Manometernadel dessen Verwendung beeintr\u00e4chtigen k\u00f6nnte.<\/p>\n","protected":false},"excerpt":{"rendered":"<p>Der Manometerschutz der Serie EM90 besteht aus einem Nadelventil, das w\u00e4hrend des Anlagenbetriebs geschlossen sein muss, um zu verhindern, dass ein \u00fcberm\u00e4\u00dfiges Schwanken der Manometernadel dessen Verwendung beeintr\u00e4chtigen k\u00f6nnte.<\/p>\n","protected":false},"featured_media":0,"template":"","product_brand":[],"product_cat":[591],"product_tag":[],"class_list":{"0":"post-41127","1":"product","2":"type-product","3":"status-publish","5":"product_cat-speicher-und-messinstrumente","6":"odd","8":"first","9":"instock","10":"shipping-taxable","11":"product-type-simple"},"_links":{"self":[{"href":"https:\/\/contarini.net\/de\/wp-json\/wp\/v2\/product\/41127","targetHints":{"allow":["GET"]}}],"collection":[{"href":"https:\/\/contarini.net\/de\/wp-json\/wp\/v2\/product"}],"about":[{"href":"https:\/\/contarini.net\/de\/wp-json\/wp\/v2\/types\/product"}],"wp:attachment":[{"href":"https:\/\/contarini.net\/de\/wp-json\/wp\/v2\/media?parent=41127"}],"wp:term":[{"taxonomy":"product_brand","embeddable":true,"href":"https:\/\/contarini.net\/de\/wp-json\/wp\/v2\/product_brand?post=41127"},{"taxonomy":"product_cat","embeddable":true,"href":"https:\/\/contarini.net\/de\/wp-json\/wp\/v2\/product_cat?post=41127"},{"taxonomy":"product_tag","embeddable":true,"href":"https:\/\/contarini.net\/de\/wp-json\/wp\/v2\/product_tag?post=41127"}],"curies":[{"name":"wp","href":"https:\/\/api.w.org\/{rel}","templated":true}]}}