{"id":41103,"date":"2016-09-06T17:20:21","date_gmt":"2016-09-06T15:20:21","guid":{"rendered":"https:\/\/contarini.net\/de\/produkt\/amgr-de\/"},"modified":"2016-09-06T17:20:21","modified_gmt":"2016-09-06T15:20:21","slug":"amgr-de","status":"publish","type":"product","link":"https:\/\/contarini.net\/de\/produkt\/amgr-de\/","title":{"rendered":"GLYZERINMANOMETER &#8211; RADIALANSCHLUSS TYP AMGR"},"content":{"rendered":"<p>Das Manometer mit Radialanschluss der Serie &#8222;AMGR&#8220; ist ein Messinstrument , das zur Verwendung in Elektrizit\u00e4tskraftwerken, Pumpen, Hochdruckreinigern, Pressen, Kompressoren, Turbinen, Dieselmotoren, in der chemischen und petrochemischen Industrie, in K\u00fchlanlagen und in Maschinen oder Anlagen mit pulsierenden Drucken und mechanischen Schwingungen entworfen wurde. Es kann mit Fl\u00fcssigkeiten oder fl\u00fcssigen Gasen verwendet werden, die die Kupferlegierungen nicht angreifen, keine hohe Viskosit\u00e4t aufweisen und nicht auskristallisieren.<\/p>\n","protected":false},"excerpt":{"rendered":"<p>Das Manometer mit Radialanschluss der Serie &#8222;AMGR&#8220; ist ein Messinstrument , das zur Verwendung in Elektrizit\u00e4tskraftwerken, Pumpen, Hochdruckreinigern, Pressen, Kompressoren, Turbinen, Dieselmotoren, in der chemischen und petrochemischen Industrie, in K\u00fchlanlagen und in Maschinen oder Anlagen mit pulsierenden Drucken und mechanischen Schwingungen entworfen wurde. Es kann mit Fl\u00fcssigkeiten oder fl\u00fcssigen Gasen verwendet werden, die die Kupferlegierungen nicht angreifen, keine hohe Viskosit\u00e4t [&hellip;]<\/p>\n","protected":false},"featured_media":0,"template":"","product_brand":[],"product_cat":[591],"product_tag":[],"class_list":{"0":"post-41103","1":"product","2":"type-product","3":"status-publish","5":"product_cat-speicher-und-messinstrumente","6":"odd","8":"first","9":"instock","10":"shipping-taxable","11":"product-type-simple"},"_links":{"self":[{"href":"https:\/\/contarini.net\/de\/wp-json\/wp\/v2\/product\/41103","targetHints":{"allow":["GET"]}}],"collection":[{"href":"https:\/\/contarini.net\/de\/wp-json\/wp\/v2\/product"}],"about":[{"href":"https:\/\/contarini.net\/de\/wp-json\/wp\/v2\/types\/product"}],"wp:attachment":[{"href":"https:\/\/contarini.net\/de\/wp-json\/wp\/v2\/media?parent=41103"}],"wp:term":[{"taxonomy":"product_brand","embeddable":true,"href":"https:\/\/contarini.net\/de\/wp-json\/wp\/v2\/product_brand?post=41103"},{"taxonomy":"product_cat","embeddable":true,"href":"https:\/\/contarini.net\/de\/wp-json\/wp\/v2\/product_cat?post=41103"},{"taxonomy":"product_tag","embeddable":true,"href":"https:\/\/contarini.net\/de\/wp-json\/wp\/v2\/product_tag?post=41103"}],"curies":[{"name":"wp","href":"https:\/\/api.w.org\/{rel}","templated":true}]}}