{"id":41097,"date":"2016-09-06T17:20:18","date_gmt":"2016-09-06T15:20:18","guid":{"rendered":"https:\/\/contarini.net\/de\/produkt\/klv5-de\/"},"modified":"2016-09-06T17:20:18","modified_gmt":"2016-09-06T15:20:18","slug":"klv5-de","status":"publish","type":"product","link":"https:\/\/contarini.net\/de\/produkt\/klv5-de\/","title":{"rendered":"ELEKTRONISCER DRUCKSCHALTER MIT DISPLAY TYP KLV5"},"content":{"rendered":"<p>Der elektronische Druckschalter der Serie \u201eKLV5\u201c dient der Einstellung von einer oder zwei Ausl\u00f6se-Schwellenwerten mit einstellbaren Hysteresen. Die neue Serie ist einfach und intuitiv zu programmieren und verf\u00fcgt \u00fcber eine Anzeige mit drei Ziffern an der Vorderseite, die der Einstellung und zum Ablesen des Betriebsdrucks dient. Das Ger\u00e4t kann bereits ab Werk vorgeeicht bestellt werden.<\/p>\n","protected":false},"excerpt":{"rendered":"<p>Der elektronische Druckschalter der Serie \u201eKLV5\u201c dient der Einstellung von einer oder zwei Ausl\u00f6se-Schwellenwerten mit einstellbaren Hysteresen. Die neue Serie ist einfach und intuitiv zu programmieren und verf\u00fcgt \u00fcber eine Anzeige mit drei Ziffern an der Vorderseite, die der Einstellung und zum Ablesen des Betriebsdrucks dient. Das Ger\u00e4t kann bereits ab Werk vorgeeicht bestellt werden.<\/p>\n","protected":false},"featured_media":0,"template":"","product_brand":[],"product_cat":[591],"product_tag":[],"class_list":{"0":"post-41097","1":"product","2":"type-product","3":"status-publish","5":"product_cat-speicher-und-messinstrumente","6":"odd","8":"first","9":"instock","10":"shipping-taxable","11":"product-type-simple"},"_links":{"self":[{"href":"https:\/\/contarini.net\/de\/wp-json\/wp\/v2\/product\/41097","targetHints":{"allow":["GET"]}}],"collection":[{"href":"https:\/\/contarini.net\/de\/wp-json\/wp\/v2\/product"}],"about":[{"href":"https:\/\/contarini.net\/de\/wp-json\/wp\/v2\/types\/product"}],"wp:attachment":[{"href":"https:\/\/contarini.net\/de\/wp-json\/wp\/v2\/media?parent=41097"}],"wp:term":[{"taxonomy":"product_brand","embeddable":true,"href":"https:\/\/contarini.net\/de\/wp-json\/wp\/v2\/product_brand?post=41097"},{"taxonomy":"product_cat","embeddable":true,"href":"https:\/\/contarini.net\/de\/wp-json\/wp\/v2\/product_cat?post=41097"},{"taxonomy":"product_tag","embeddable":true,"href":"https:\/\/contarini.net\/de\/wp-json\/wp\/v2\/product_tag?post=41097"}],"curies":[{"name":"wp","href":"https:\/\/api.w.org\/{rel}","templated":true}]}}