{"id":41094,"date":"2016-09-06T17:20:16","date_gmt":"2016-09-06T15:20:16","guid":{"rendered":"https:\/\/contarini.net\/de\/produkt\/k5-de\/"},"modified":"2016-09-06T17:20:17","modified_gmt":"2016-09-06T15:20:17","slug":"k5-de","status":"publish","type":"product","link":"https:\/\/contarini.net\/de\/produkt\/k5-de\/","title":{"rendered":"EINSTELBARER DRUCKSCHALTER K5"},"content":{"rendered":"<p>Die Druckschalter der Serie \u201eK5\u201c dienen dem Umschalten eines Mikroschalters, wenn der voreingestellte Druckwert erreicht wird. Der Wert wird durch Drehen des Griffs mit Skala oder bei der preisg\u00fcnstigen Ausf\u00fchrung mithilfe der Einstellschraube oben am Ger\u00e4t eingestellt. Beide System verf\u00fcgen \u00fcber einen Sperrmechanismus, der bei Erreichen des gew\u00fcnschten Drucks ausl\u00f6st. Mechanische Anschl\u00e4ge sch\u00fctzen sowohl die Feder als auch den Mikroschalter vor \u00dcberdruck.<\/p>\n","protected":false},"excerpt":{"rendered":"<p>Die Druckschalter der Serie \u201eK5\u201c dienen dem Umschalten eines Mikroschalters, wenn der voreingestellte Druckwert erreicht wird. Der Wert wird durch Drehen des Griffs mit Skala oder bei der preisg\u00fcnstigen Ausf\u00fchrung mithilfe der Einstellschraube oben am Ger\u00e4t eingestellt. Beide System verf\u00fcgen \u00fcber einen Sperrmechanismus, der bei Erreichen des gew\u00fcnschten Drucks ausl\u00f6st. Mechanische Anschl\u00e4ge sch\u00fctzen sowohl die Feder als auch den Mikroschalter [&hellip;]<\/p>\n","protected":false},"featured_media":0,"template":"","product_brand":[],"product_cat":[591],"product_tag":[],"class_list":{"0":"post-41094","1":"product","2":"type-product","3":"status-publish","5":"product_cat-speicher-und-messinstrumente","6":"odd","8":"first","9":"instock","10":"shipping-taxable","11":"product-type-simple"},"_links":{"self":[{"href":"https:\/\/contarini.net\/de\/wp-json\/wp\/v2\/product\/41094","targetHints":{"allow":["GET"]}}],"collection":[{"href":"https:\/\/contarini.net\/de\/wp-json\/wp\/v2\/product"}],"about":[{"href":"https:\/\/contarini.net\/de\/wp-json\/wp\/v2\/types\/product"}],"wp:attachment":[{"href":"https:\/\/contarini.net\/de\/wp-json\/wp\/v2\/media?parent=41094"}],"wp:term":[{"taxonomy":"product_brand","embeddable":true,"href":"https:\/\/contarini.net\/de\/wp-json\/wp\/v2\/product_brand?post=41094"},{"taxonomy":"product_cat","embeddable":true,"href":"https:\/\/contarini.net\/de\/wp-json\/wp\/v2\/product_cat?post=41094"},{"taxonomy":"product_tag","embeddable":true,"href":"https:\/\/contarini.net\/de\/wp-json\/wp\/v2\/product_tag?post=41094"}],"curies":[{"name":"wp","href":"https:\/\/api.w.org\/{rel}","templated":true}]}}