{"id":41091,"date":"2016-09-06T17:20:15","date_gmt":"2016-09-06T15:20:15","guid":{"rendered":"https:\/\/contarini.net\/de\/produkt\/f4-de\/"},"modified":"2016-09-06T17:20:16","modified_gmt":"2016-09-06T15:20:16","slug":"f4-de","status":"publish","type":"product","link":"https:\/\/contarini.net\/de\/produkt\/f4-de\/","title":{"rendered":"EINSTELBARER DRUCKSCHALTER MIT KAPPE (P1) TYP F4"},"content":{"rendered":"<p>Die Druckschalter der Serie \u201cF4\u201d erm\u00f6glichen beim Erreichen eines vorbestimmten Druckwertes die Umschaltung eines Mikroschalters. Wirkt man in der Ausf\u00fchrung P2 \u00fcber die mittlere Schraube oder h\u00e4lt man den Stift zur Einstellung auf dem Inneren des Instruments mit einem Sechskantschl\u00fcssel mit 2mm auf und dreht im Uhrzeigersinn, wird der Eingriffspunkt umgekehrt verringert.<\/p>\n","protected":false},"excerpt":{"rendered":"<p>Die Druckschalter der Serie \u201cF4\u201d erm\u00f6glichen beim Erreichen eines vorbestimmten Druckwertes die Umschaltung eines Mikroschalters. Wirkt man in der Ausf\u00fchrung P2 \u00fcber die mittlere Schraube oder h\u00e4lt man den Stift zur Einstellung auf dem Inneren des Instruments mit einem Sechskantschl\u00fcssel mit 2mm auf und dreht im Uhrzeigersinn, wird der Eingriffspunkt umgekehrt verringert.<\/p>\n","protected":false},"featured_media":0,"template":"","product_brand":[],"product_cat":[591],"product_tag":[],"class_list":{"0":"post-41091","1":"product","2":"type-product","3":"status-publish","5":"product_cat-speicher-und-messinstrumente","6":"odd","8":"first","9":"instock","10":"shipping-taxable","11":"product-type-simple"},"_links":{"self":[{"href":"https:\/\/contarini.net\/de\/wp-json\/wp\/v2\/product\/41091","targetHints":{"allow":["GET"]}}],"collection":[{"href":"https:\/\/contarini.net\/de\/wp-json\/wp\/v2\/product"}],"about":[{"href":"https:\/\/contarini.net\/de\/wp-json\/wp\/v2\/types\/product"}],"wp:attachment":[{"href":"https:\/\/contarini.net\/de\/wp-json\/wp\/v2\/media?parent=41091"}],"wp:term":[{"taxonomy":"product_brand","embeddable":true,"href":"https:\/\/contarini.net\/de\/wp-json\/wp\/v2\/product_brand?post=41091"},{"taxonomy":"product_cat","embeddable":true,"href":"https:\/\/contarini.net\/de\/wp-json\/wp\/v2\/product_cat?post=41091"},{"taxonomy":"product_tag","embeddable":true,"href":"https:\/\/contarini.net\/de\/wp-json\/wp\/v2\/product_tag?post=41091"}],"curies":[{"name":"wp","href":"https:\/\/api.w.org\/{rel}","templated":true}]}}