{"id":41088,"date":"2016-09-06T17:20:14","date_gmt":"2016-09-06T15:20:14","guid":{"rendered":"https:\/\/contarini.net\/de\/produkt\/f5-de\/"},"modified":"2016-09-06T17:20:14","modified_gmt":"2016-09-06T15:20:14","slug":"f5-de","status":"publish","type":"product","link":"https:\/\/contarini.net\/de\/produkt\/f5-de\/","title":{"rendered":"EINSTELBARER DRUCKSCHALTER TYP F5"},"content":{"rendered":"<p>Die Kolben-Druckschalter der Serie \u201cF5\u201d erm\u00f6glichen beim Erreichen eines vorbestimmten Druckwertes die Umschaltung eines Mikroschalters. Den Eingriffspunkt findet man, nachdem die Schutzabdeckung entfernt wurde und man die in der Mitte des Instrumentes gelegene interne Schraube im Uhrzeigersinn dreht, um den Wert zu erh\u00f6hen oder umgekehrt, um ihn zu erniedrigen. Mechanische Sperren sch\u00fctzen sowohl die Feder als auch den Mikroschalter vor \u00dcberdruck. Kompakte und wirtschaftliche Bauweise, findet Anwendung in Systemen, wo keine kontinuierliche \u00c4nderung des Eingriffspunktes erforderlich ist, umgekehrt kann die m\u00f6gliche Blockierung der Schutzabdeckung eine leichte und nicht beabsichtigte \u00c4nderung des Wertes selbst verhindern.<\/p>\n","protected":false},"excerpt":{"rendered":"<p>Die Kolben-Druckschalter der Serie \u201cF5\u201d erm\u00f6glichen beim Erreichen eines vorbestimmten Druckwertes die Umschaltung eines Mikroschalters. Den Eingriffspunkt findet man, nachdem die Schutzabdeckung entfernt wurde und man die in der Mitte des Instrumentes gelegene interne Schraube im Uhrzeigersinn dreht, um den Wert zu erh\u00f6hen oder umgekehrt, um ihn zu erniedrigen. Mechanische Sperren sch\u00fctzen sowohl die Feder als auch den Mikroschalter vor [&hellip;]<\/p>\n","protected":false},"featured_media":0,"template":"","product_brand":[],"product_cat":[591],"product_tag":[],"class_list":{"0":"post-41088","1":"product","2":"type-product","3":"status-publish","5":"product_cat-speicher-und-messinstrumente","6":"odd","8":"first","9":"instock","10":"shipping-taxable","11":"product-type-simple"},"_links":{"self":[{"href":"https:\/\/contarini.net\/de\/wp-json\/wp\/v2\/product\/41088","targetHints":{"allow":["GET"]}}],"collection":[{"href":"https:\/\/contarini.net\/de\/wp-json\/wp\/v2\/product"}],"about":[{"href":"https:\/\/contarini.net\/de\/wp-json\/wp\/v2\/types\/product"}],"wp:attachment":[{"href":"https:\/\/contarini.net\/de\/wp-json\/wp\/v2\/media?parent=41088"}],"wp:term":[{"taxonomy":"product_brand","embeddable":true,"href":"https:\/\/contarini.net\/de\/wp-json\/wp\/v2\/product_brand?post=41088"},{"taxonomy":"product_cat","embeddable":true,"href":"https:\/\/contarini.net\/de\/wp-json\/wp\/v2\/product_cat?post=41088"},{"taxonomy":"product_tag","embeddable":true,"href":"https:\/\/contarini.net\/de\/wp-json\/wp\/v2\/product_tag?post=41088"}],"curies":[{"name":"wp","href":"https:\/\/api.w.org\/{rel}","templated":true}]}}