{"id":41085,"date":"2016-09-06T17:20:13","date_gmt":"2016-09-06T15:20:13","guid":{"rendered":"https:\/\/contarini.net\/de\/produkt\/acar-de\/"},"modified":"2016-09-06T17:20:13","modified_gmt":"2016-09-06T15:20:13","slug":"acar-de","status":"publish","type":"product","link":"https:\/\/contarini.net\/de\/produkt\/acar-de\/","title":{"rendered":"KOFFER MIT F\u00dcLLVORRICHTUNG DER SPEICHER TYP ACAR"},"content":{"rendered":"<p>Der Koffer mit der Vorrichtung zum Nachf\u00fcllen der Serie ACAR enth\u00e4lt ein f\u00fcr die \u00dcberpr\u00fcfung und Wiederherstellung des Stickstoffdrucks in den Speichern unentbehrliches Ger\u00e4t. Der K\u00f6rper ist aus dreifach verzinktem Stahl gefertigt und f\u00fcr einen maximalen Betriebsdruck von 500 bar geeignet.  Standardausf\u00fchrung: &#8211; Manometer inkl. &#8211; praktischer Koffer &#8211; 2,5 m langer Schlauch f\u00fcr den Anschluss an die Stickstoffflasche.<\/p>\n","protected":false},"excerpt":{"rendered":"<p>Der Koffer mit der Vorrichtung zum Nachf\u00fcllen der Serie ACAR enth\u00e4lt ein f\u00fcr die \u00dcberpr\u00fcfung und Wiederherstellung des Stickstoffdrucks in den Speichern unentbehrliches Ger\u00e4t. Der K\u00f6rper ist aus dreifach verzinktem Stahl gefertigt und f\u00fcr einen maximalen Betriebsdruck von 500 bar geeignet. Standardausf\u00fchrung: &#8211; Manometer inkl. &#8211; praktischer Koffer &#8211; 2,5 m langer Schlauch f\u00fcr den Anschluss an die Stickstoffflasche.<\/p>\n","protected":false},"featured_media":0,"template":"","product_brand":[],"product_cat":[591],"product_tag":[],"class_list":{"0":"post-41085","1":"product","2":"type-product","3":"status-publish","5":"product_cat-speicher-und-messinstrumente","6":"odd","8":"first","9":"instock","10":"shipping-taxable","11":"product-type-simple"},"_links":{"self":[{"href":"https:\/\/contarini.net\/de\/wp-json\/wp\/v2\/product\/41085","targetHints":{"allow":["GET"]}}],"collection":[{"href":"https:\/\/contarini.net\/de\/wp-json\/wp\/v2\/product"}],"about":[{"href":"https:\/\/contarini.net\/de\/wp-json\/wp\/v2\/types\/product"}],"wp:attachment":[{"href":"https:\/\/contarini.net\/de\/wp-json\/wp\/v2\/media?parent=41085"}],"wp:term":[{"taxonomy":"product_brand","embeddable":true,"href":"https:\/\/contarini.net\/de\/wp-json\/wp\/v2\/product_brand?post=41085"},{"taxonomy":"product_cat","embeddable":true,"href":"https:\/\/contarini.net\/de\/wp-json\/wp\/v2\/product_cat?post=41085"},{"taxonomy":"product_tag","embeddable":true,"href":"https:\/\/contarini.net\/de\/wp-json\/wp\/v2\/product_tag?post=41085"}],"curies":[{"name":"wp","href":"https:\/\/api.w.org\/{rel}","templated":true}]}}