{"id":41076,"date":"2016-09-06T17:20:09","date_gmt":"2016-09-06T15:20:09","guid":{"rendered":"https:\/\/contarini.net\/de\/produkt\/hb-de\/"},"modified":"2016-09-06T17:20:09","modified_gmt":"2016-09-06T15:20:09","slug":"hb-de","status":"publish","type":"product","link":"https:\/\/contarini.net\/de\/produkt\/hb-de\/","title":{"rendered":"HYDROPNEUMATISCHER BLASENSPEICHER TYP HB"},"content":{"rendered":"<p>Der Speicher der Serie HB wird in \u00dcbereinstimmung mit den internationalen Normen gefertigt. Der K\u00f6rper besteht aus sandgestrahltem und lackiertem Schmiedestahl, die Standardblase ist f\u00fcr mineralische und nicht \u00e4tzende Fl\u00fcssigkeiten geeignet.<\/p>\n","protected":false},"excerpt":{"rendered":"<p>Der Speicher der Serie HB wird in \u00dcbereinstimmung mit den internationalen Normen gefertigt. Der K\u00f6rper besteht aus sandgestrahltem und lackiertem Schmiedestahl, die Standardblase ist f\u00fcr mineralische und nicht \u00e4tzende Fl\u00fcssigkeiten geeignet.<\/p>\n","protected":false},"featured_media":0,"template":"","product_brand":[],"product_cat":[591],"product_tag":[],"class_list":{"0":"post-41076","1":"product","2":"type-product","3":"status-publish","5":"product_cat-speicher-und-messinstrumente","6":"odd","8":"first","9":"instock","10":"shipping-taxable","11":"product-type-simple"},"_links":{"self":[{"href":"https:\/\/contarini.net\/de\/wp-json\/wp\/v2\/product\/41076","targetHints":{"allow":["GET"]}}],"collection":[{"href":"https:\/\/contarini.net\/de\/wp-json\/wp\/v2\/product"}],"about":[{"href":"https:\/\/contarini.net\/de\/wp-json\/wp\/v2\/types\/product"}],"wp:attachment":[{"href":"https:\/\/contarini.net\/de\/wp-json\/wp\/v2\/media?parent=41076"}],"wp:term":[{"taxonomy":"product_brand","embeddable":true,"href":"https:\/\/contarini.net\/de\/wp-json\/wp\/v2\/product_brand?post=41076"},{"taxonomy":"product_cat","embeddable":true,"href":"https:\/\/contarini.net\/de\/wp-json\/wp\/v2\/product_cat?post=41076"},{"taxonomy":"product_tag","embeddable":true,"href":"https:\/\/contarini.net\/de\/wp-json\/wp\/v2\/product_tag?post=41076"}],"curies":[{"name":"wp","href":"https:\/\/api.w.org\/{rel}","templated":true}]}}