{"id":41070,"date":"2016-09-06T17:20:07","date_gmt":"2016-09-06T15:20:07","guid":{"rendered":"https:\/\/contarini.net\/de\/produkt\/hst-de\/"},"modified":"2016-09-06T17:20:07","modified_gmt":"2016-09-06T15:20:07","slug":"hst-de","status":"publish","type":"product","link":"https:\/\/contarini.net\/de\/produkt\/hst-de\/","title":{"rendered":"HYDROPNEUMATISCHER MEMBRANSPEICHER TYP HST"},"content":{"rendered":"<p>Die Speicher der Serie HST bestehen aus zwei getrennten Bauteilen, die durch ein Gewinde, das unter dynamischen Druck zu einer eigenst\u00e4ndigen Verklemmung neigt, miteinander verbunden sind.  Der K\u00f6rper ist aus lackiertem Kohlestahl gefertigt. Die Standardmembran ist f\u00fcr einen Betrieb mit Mineral\u00f6len und nicht \u00e4tzenden Fl\u00fcssigkeiten geeignet. Die Membranen sind mit speziell behandelter Oberfl\u00e4che und aus verschiedene Materialien erh\u00e4ltlich. Sie k\u00f6nnen auch als Fl\u00fcssigkeitsabscheider eingesetzt werden.<\/p>\n","protected":false},"excerpt":{"rendered":"<p>Die Speicher der Serie HST bestehen aus zwei getrennten Bauteilen, die durch ein Gewinde, das unter dynamischen Druck zu einer eigenst\u00e4ndigen Verklemmung neigt, miteinander verbunden sind. Der K\u00f6rper ist aus lackiertem Kohlestahl gefertigt. Die Standardmembran ist f\u00fcr einen Betrieb mit Mineral\u00f6len und nicht \u00e4tzenden Fl\u00fcssigkeiten geeignet. Die Membranen sind mit speziell behandelter Oberfl\u00e4che und aus verschiedene Materialien erh\u00e4ltlich. Sie k\u00f6nnen [&hellip;]<\/p>\n","protected":false},"featured_media":0,"template":"","product_brand":[],"product_cat":[591],"product_tag":[],"class_list":{"0":"post-41070","1":"product","2":"type-product","3":"status-publish","5":"product_cat-speicher-und-messinstrumente","6":"odd","8":"first","9":"instock","10":"shipping-taxable","11":"product-type-simple"},"_links":{"self":[{"href":"https:\/\/contarini.net\/de\/wp-json\/wp\/v2\/product\/41070","targetHints":{"allow":["GET"]}}],"collection":[{"href":"https:\/\/contarini.net\/de\/wp-json\/wp\/v2\/product"}],"about":[{"href":"https:\/\/contarini.net\/de\/wp-json\/wp\/v2\/types\/product"}],"wp:attachment":[{"href":"https:\/\/contarini.net\/de\/wp-json\/wp\/v2\/media?parent=41070"}],"wp:term":[{"taxonomy":"product_brand","embeddable":true,"href":"https:\/\/contarini.net\/de\/wp-json\/wp\/v2\/product_brand?post=41070"},{"taxonomy":"product_cat","embeddable":true,"href":"https:\/\/contarini.net\/de\/wp-json\/wp\/v2\/product_cat?post=41070"},{"taxonomy":"product_tag","embeddable":true,"href":"https:\/\/contarini.net\/de\/wp-json\/wp\/v2\/product_tag?post=41070"}],"curies":[{"name":"wp","href":"https:\/\/api.w.org\/{rel}","templated":true}]}}