{"id":41067,"date":"2016-09-06T17:20:05","date_gmt":"2016-09-06T15:20:05","guid":{"rendered":"https:\/\/contarini.net\/de\/produkt\/h-de\/"},"modified":"2016-09-06T17:20:06","modified_gmt":"2016-09-06T15:20:06","slug":"h-de","status":"publish","type":"product","link":"https:\/\/contarini.net\/de\/produkt\/h-de\/","title":{"rendered":"HYDROPNEUMATISCHER MEMBRANSPEICHER TYP H"},"content":{"rendered":"<p>Der hydropneumatische Speicher der Serie &#8222;H&#8220; (nicht reparabel) wird mit einem patentierten Verfahren, durch das keine Schwei\u00dfn\u00e4hte auf dem l\u00e4ngeren Durchmesser des Rohres n\u00f6tig sind, aus gepresstem Stahl ausgef\u00fchrt. Standardmembran, die f\u00fcr Mineral\u00f6le und nicht aggressive Fl\u00fcssigkeiten geeignet ist. Verf\u00fcgbar auch mit Membranen, die geeignet f\u00fcr tiefe Temperaturen und kompatibel mit aggressiven Fl\u00fcssigkeiten sind.<\/p>\n","protected":false},"excerpt":{"rendered":"<p>Der hydropneumatische Speicher der Serie &#8222;H&#8220; (nicht reparabel) wird mit einem patentierten Verfahren, durch das keine Schwei\u00dfn\u00e4hte auf dem l\u00e4ngeren Durchmesser des Rohres n\u00f6tig sind, aus gepresstem Stahl ausgef\u00fchrt. Standardmembran, die f\u00fcr Mineral\u00f6le und nicht aggressive Fl\u00fcssigkeiten geeignet ist. Verf\u00fcgbar auch mit Membranen, die geeignet f\u00fcr tiefe Temperaturen und kompatibel mit aggressiven Fl\u00fcssigkeiten sind.<\/p>\n","protected":false},"featured_media":0,"template":"","product_brand":[],"product_cat":[591],"product_tag":[],"class_list":{"0":"post-41067","1":"product","2":"type-product","3":"status-publish","5":"product_cat-speicher-und-messinstrumente","6":"odd","8":"first","9":"instock","10":"shipping-taxable","11":"product-type-simple"},"_links":{"self":[{"href":"https:\/\/contarini.net\/de\/wp-json\/wp\/v2\/product\/41067","targetHints":{"allow":["GET"]}}],"collection":[{"href":"https:\/\/contarini.net\/de\/wp-json\/wp\/v2\/product"}],"about":[{"href":"https:\/\/contarini.net\/de\/wp-json\/wp\/v2\/types\/product"}],"wp:attachment":[{"href":"https:\/\/contarini.net\/de\/wp-json\/wp\/v2\/media?parent=41067"}],"wp:term":[{"taxonomy":"product_brand","embeddable":true,"href":"https:\/\/contarini.net\/de\/wp-json\/wp\/v2\/product_brand?post=41067"},{"taxonomy":"product_cat","embeddable":true,"href":"https:\/\/contarini.net\/de\/wp-json\/wp\/v2\/product_cat?post=41067"},{"taxonomy":"product_tag","embeddable":true,"href":"https:\/\/contarini.net\/de\/wp-json\/wp\/v2\/product_tag?post=41067"}],"curies":[{"name":"wp","href":"https:\/\/api.w.org\/{rel}","templated":true}]}}