{"id":41058,"date":"2016-09-06T17:20:01","date_gmt":"2016-09-06T15:20:01","guid":{"rendered":"https:\/\/contarini.net\/de\/produkt\/gbml52-de\/"},"modified":"2016-09-06T17:20:02","modified_gmt":"2016-09-06T15:20:02","slug":"gbml52-de","status":"publish","type":"product","link":"https:\/\/contarini.net\/de\/produkt\/gbml52-de\/","title":{"rendered":"\u00dcBERSETZUNGSGETRIEBE F\u00dcR PUMPE TYP GBML52"},"content":{"rendered":"<p>Das \u00dcbersetzungsgetriebe der Serie \u201eGBML52&#8243; f\u00fcr die Zahnradpumpe der Gruppe 3, angeschlossen an die Zapfwelle des Traktors (PTO), vervielfacht die Drehzahl bis zur optimalen Drehzahl der Pumpe.<\/p>\n","protected":false},"excerpt":{"rendered":"<p>Das \u00dcbersetzungsgetriebe der Serie \u201eGBML52&#8243; f\u00fcr die Zahnradpumpe der Gruppe 3, angeschlossen an die Zapfwelle des Traktors (PTO), vervielfacht die Drehzahl bis zur optimalen Drehzahl der Pumpe.<\/p>\n","protected":false},"featured_media":0,"template":"","product_brand":[],"product_cat":[588],"product_tag":[],"class_list":{"0":"post-41058","1":"product","2":"type-product","3":"status-publish","5":"product_cat-antriebskomponenten-und-vorrichtungen","6":"odd","8":"first","9":"instock","10":"shipping-taxable","11":"product-type-simple"},"_links":{"self":[{"href":"https:\/\/contarini.net\/de\/wp-json\/wp\/v2\/product\/41058","targetHints":{"allow":["GET"]}}],"collection":[{"href":"https:\/\/contarini.net\/de\/wp-json\/wp\/v2\/product"}],"about":[{"href":"https:\/\/contarini.net\/de\/wp-json\/wp\/v2\/types\/product"}],"wp:attachment":[{"href":"https:\/\/contarini.net\/de\/wp-json\/wp\/v2\/media?parent=41058"}],"wp:term":[{"taxonomy":"product_brand","embeddable":true,"href":"https:\/\/contarini.net\/de\/wp-json\/wp\/v2\/product_brand?post=41058"},{"taxonomy":"product_cat","embeddable":true,"href":"https:\/\/contarini.net\/de\/wp-json\/wp\/v2\/product_cat?post=41058"},{"taxonomy":"product_tag","embeddable":true,"href":"https:\/\/contarini.net\/de\/wp-json\/wp\/v2\/product_tag?post=41058"}],"curies":[{"name":"wp","href":"https:\/\/api.w.org\/{rel}","templated":true}]}}