{"id":41055,"date":"2016-09-06T17:20:00","date_gmt":"2016-09-06T15:20:00","guid":{"rendered":"https:\/\/contarini.net\/de\/produkt\/gbml32-de\/"},"modified":"2016-09-06T17:20:00","modified_gmt":"2016-09-06T15:20:00","slug":"gbml32-de","status":"publish","type":"product","link":"https:\/\/contarini.net\/de\/produkt\/gbml32-de\/","title":{"rendered":"\u00dcBERSETZUNGSGETRIEBE F\u00dcR PUMPE TYP GBML32"},"content":{"rendered":"<p>Das \u00dcbersetzungsgetriebe der Serie &#8222;GBML32&#8220; f\u00fcr die Zahnradpumpe der Gruppe 2, angeschlossen an die Zapfwelle des Traktors (PTO), vervielfacht die Drehzahl bis zur optimalen Drehzahl der Pumpe.<\/p>\n","protected":false},"excerpt":{"rendered":"<p>Das \u00dcbersetzungsgetriebe der Serie &#8222;GBML32&#8220; f\u00fcr die Zahnradpumpe der Gruppe 2, angeschlossen an die Zapfwelle des Traktors (PTO), vervielfacht die Drehzahl bis zur optimalen Drehzahl der Pumpe.<\/p>\n","protected":false},"featured_media":0,"template":"","product_brand":[],"product_cat":[588],"product_tag":[],"class_list":{"0":"post-41055","1":"product","2":"type-product","3":"status-publish","5":"product_cat-antriebskomponenten-und-vorrichtungen","6":"odd","8":"first","9":"instock","10":"shipping-taxable","11":"product-type-simple"},"_links":{"self":[{"href":"https:\/\/contarini.net\/de\/wp-json\/wp\/v2\/product\/41055","targetHints":{"allow":["GET"]}}],"collection":[{"href":"https:\/\/contarini.net\/de\/wp-json\/wp\/v2\/product"}],"about":[{"href":"https:\/\/contarini.net\/de\/wp-json\/wp\/v2\/types\/product"}],"wp:attachment":[{"href":"https:\/\/contarini.net\/de\/wp-json\/wp\/v2\/media?parent=41055"}],"wp:term":[{"taxonomy":"product_brand","embeddable":true,"href":"https:\/\/contarini.net\/de\/wp-json\/wp\/v2\/product_brand?post=41055"},{"taxonomy":"product_cat","embeddable":true,"href":"https:\/\/contarini.net\/de\/wp-json\/wp\/v2\/product_cat?post=41055"},{"taxonomy":"product_tag","embeddable":true,"href":"https:\/\/contarini.net\/de\/wp-json\/wp\/v2\/product_tag?post=41055"}],"curies":[{"name":"wp","href":"https:\/\/api.w.org\/{rel}","templated":true}]}}