{"id":41052,"date":"2016-09-06T17:19:59","date_gmt":"2016-09-06T15:19:59","guid":{"rendered":"https:\/\/contarini.net\/de\/produkt\/stsu-de\/"},"modified":"2016-09-06T17:19:59","modified_gmt":"2016-09-06T15:19:59","slug":"stsu-de","status":"publish","type":"product","link":"https:\/\/contarini.net\/de\/produkt\/stsu-de\/","title":{"rendered":"VORSATZLAGER TYP STSU"},"content":{"rendered":"<p>Das Vorsatzlager der Serie &#8222;STSU&#8220;, an eine Zahnrad-Hydraulikpumpe\/einen -Hydraulikmotor gekuppelt, erm\u00f6glicht das Mitziehen \u00fcber einen Gurt, eine Kette oder eine andere \u00dcbertragung, in der starke kombinierte Lasten vorhanden sind (axiale und radiale). Die Pumpe oder der Motor werden mit den Kupplungsnaben des Typs &#8222;BF&#8220; (nicht inkludiert) direkt angeflanscht und angeschlossen.<\/p>\n","protected":false},"excerpt":{"rendered":"<p>Das Vorsatzlager der Serie &#8222;STSU&#8220;, an eine Zahnrad-Hydraulikpumpe\/einen -Hydraulikmotor gekuppelt, erm\u00f6glicht das Mitziehen \u00fcber einen Gurt, eine Kette oder eine andere \u00dcbertragung, in der starke kombinierte Lasten vorhanden sind (axiale und radiale). Die Pumpe oder der Motor werden mit den Kupplungsnaben des Typs &#8222;BF&#8220; (nicht inkludiert) direkt angeflanscht und angeschlossen.<\/p>\n","protected":false},"featured_media":0,"template":"","product_brand":[],"product_cat":[588],"product_tag":[],"class_list":{"0":"post-41052","1":"product","2":"type-product","3":"status-publish","5":"product_cat-antriebskomponenten-und-vorrichtungen","6":"odd","8":"first","9":"instock","10":"shipping-taxable","11":"product-type-simple"},"_links":{"self":[{"href":"https:\/\/contarini.net\/de\/wp-json\/wp\/v2\/product\/41052","targetHints":{"allow":["GET"]}}],"collection":[{"href":"https:\/\/contarini.net\/de\/wp-json\/wp\/v2\/product"}],"about":[{"href":"https:\/\/contarini.net\/de\/wp-json\/wp\/v2\/types\/product"}],"wp:attachment":[{"href":"https:\/\/contarini.net\/de\/wp-json\/wp\/v2\/media?parent=41052"}],"wp:term":[{"taxonomy":"product_brand","embeddable":true,"href":"https:\/\/contarini.net\/de\/wp-json\/wp\/v2\/product_brand?post=41052"},{"taxonomy":"product_cat","embeddable":true,"href":"https:\/\/contarini.net\/de\/wp-json\/wp\/v2\/product_cat?post=41052"},{"taxonomy":"product_tag","embeddable":true,"href":"https:\/\/contarini.net\/de\/wp-json\/wp\/v2\/product_tag?post=41052"}],"curies":[{"name":"wp","href":"https:\/\/api.w.org\/{rel}","templated":true}]}}