{"id":41049,"date":"2016-09-06T17:19:58","date_gmt":"2016-09-06T15:19:58","guid":{"rendered":"https:\/\/contarini.net\/de\/produkt\/hl-de\/"},"modified":"2016-09-06T17:19:58","modified_gmt":"2016-09-06T15:19:58","slug":"hl-de","status":"publish","type":"product","link":"https:\/\/contarini.net\/de\/produkt\/hl-de\/","title":{"rendered":"PUMPENTR\u00c4GER F\u00dcR ELEKTROMOTOR TYP HL"},"content":{"rendered":"<p>Der Pumpentr\u00e4ger f\u00fcr Elektromotoren der Serie &#8222;HL&#8220; erm\u00f6glicht eine solide Befestigung zwischen der Zahnradpumpe und Elektromotor (f\u00fcr den Anschluss ist auch die elastische Kupplung &#8222;HE&#8220; n\u00f6tig). Komponente, die zur Ausf\u00fchrung von Hydraulikstationen n\u00f6tig ist.<\/p>\n","protected":false},"excerpt":{"rendered":"<p>Der Pumpentr\u00e4ger f\u00fcr Elektromotoren der Serie &#8222;HL&#8220; erm\u00f6glicht eine solide Befestigung zwischen der Zahnradpumpe und Elektromotor (f\u00fcr den Anschluss ist auch die elastische Kupplung &#8222;HE&#8220; n\u00f6tig). Komponente, die zur Ausf\u00fchrung von Hydraulikstationen n\u00f6tig ist.<\/p>\n","protected":false},"featured_media":0,"template":"","product_brand":[],"product_cat":[588],"product_tag":[],"class_list":{"0":"post-41049","1":"product","2":"type-product","3":"status-publish","5":"product_cat-antriebskomponenten-und-vorrichtungen","6":"odd","8":"first","9":"instock","10":"shipping-taxable","11":"product-type-simple"},"_links":{"self":[{"href":"https:\/\/contarini.net\/de\/wp-json\/wp\/v2\/product\/41049","targetHints":{"allow":["GET"]}}],"collection":[{"href":"https:\/\/contarini.net\/de\/wp-json\/wp\/v2\/product"}],"about":[{"href":"https:\/\/contarini.net\/de\/wp-json\/wp\/v2\/types\/product"}],"wp:attachment":[{"href":"https:\/\/contarini.net\/de\/wp-json\/wp\/v2\/media?parent=41049"}],"wp:term":[{"taxonomy":"product_brand","embeddable":true,"href":"https:\/\/contarini.net\/de\/wp-json\/wp\/v2\/product_brand?post=41049"},{"taxonomy":"product_cat","embeddable":true,"href":"https:\/\/contarini.net\/de\/wp-json\/wp\/v2\/product_cat?post=41049"},{"taxonomy":"product_tag","embeddable":true,"href":"https:\/\/contarini.net\/de\/wp-json\/wp\/v2\/product_tag?post=41049"}],"curies":[{"name":"wp","href":"https:\/\/api.w.org\/{rel}","templated":true}]}}