{"id":41037,"date":"2016-09-06T17:19:53","date_gmt":"2016-09-06T15:19:53","guid":{"rendered":"https:\/\/contarini.net\/de\/produkt\/agg-de\/"},"modified":"2016-09-06T17:19:54","modified_gmt":"2016-09-06T15:19:54","slug":"agg-de","status":"publish","type":"product","link":"https:\/\/contarini.net\/de\/produkt\/agg-de\/","title":{"rendered":"REIHENDREHGELENKE TYP AGG"},"content":{"rendered":"<p>Die Reihendrehgelenke der Serie &#8222;AGG&#8220; sind Spezialanschl\u00fcsse, die den hydraulischen Anschluss zwischen Elementen, die sich untereinander in Bewegung befinden, mit wechsell\u00e4ufigen oder gleichm\u00e4\u00dfigen Rotationen erm\u00f6glichen. Das Drehgelenk dreht sich durch eine mechanische Kupplung auf Kugeln, w\u00e4hrend die Dichtigkeit durch spezielle Dichtungen mit geringer Reibung garantiert wird. Kann auch bei maximalem Druck mit m\u00e4\u00dfigem Drehmoment rotieren.<\/p>\n","protected":false},"excerpt":{"rendered":"<p>Die Reihendrehgelenke der Serie &#8222;AGG&#8220; sind Spezialanschl\u00fcsse, die den hydraulischen Anschluss zwischen Elementen, die sich untereinander in Bewegung befinden, mit wechsell\u00e4ufigen oder gleichm\u00e4\u00dfigen Rotationen erm\u00f6glichen. Das Drehgelenk dreht sich durch eine mechanische Kupplung auf Kugeln, w\u00e4hrend die Dichtigkeit durch spezielle Dichtungen mit geringer Reibung garantiert wird. Kann auch bei maximalem Druck mit m\u00e4\u00dfigem Drehmoment rotieren.<\/p>\n","protected":false},"featured_media":0,"template":"","product_brand":[],"product_cat":[585],"product_tag":[],"class_list":{"0":"post-41037","1":"product","2":"type-product","3":"status-publish","5":"product_cat-schnellkupplungen-und-drehgelenke","6":"odd","8":"first","9":"instock","10":"shipping-taxable","11":"product-type-simple"},"_links":{"self":[{"href":"https:\/\/contarini.net\/de\/wp-json\/wp\/v2\/product\/41037","targetHints":{"allow":["GET"]}}],"collection":[{"href":"https:\/\/contarini.net\/de\/wp-json\/wp\/v2\/product"}],"about":[{"href":"https:\/\/contarini.net\/de\/wp-json\/wp\/v2\/types\/product"}],"wp:attachment":[{"href":"https:\/\/contarini.net\/de\/wp-json\/wp\/v2\/media?parent=41037"}],"wp:term":[{"taxonomy":"product_brand","embeddable":true,"href":"https:\/\/contarini.net\/de\/wp-json\/wp\/v2\/product_brand?post=41037"},{"taxonomy":"product_cat","embeddable":true,"href":"https:\/\/contarini.net\/de\/wp-json\/wp\/v2\/product_cat?post=41037"},{"taxonomy":"product_tag","embeddable":true,"href":"https:\/\/contarini.net\/de\/wp-json\/wp\/v2\/product_tag?post=41037"}],"curies":[{"name":"wp","href":"https:\/\/api.w.org\/{rel}","templated":true}]}}