{"id":41031,"date":"2016-09-06T17:19:51","date_gmt":"2016-09-06T15:19:51","guid":{"rendered":"https:\/\/contarini.net\/de\/produkt\/atp-f-de\/"},"modified":"2016-09-06T17:19:51","modified_gmt":"2016-09-06T15:19:51","slug":"atp-f-de","status":"publish","type":"product","link":"https:\/\/contarini.net\/de\/produkt\/atp-f-de\/","title":{"rendered":"SCHUTZSTOPFEN F\u00dcR &#8222;FIRG&#8220;-&#8222;APM&#8220;TYP ATP.F"},"content":{"rendered":"<p>Der Schutzstopfen f\u00fcr Schnellkupplungen der Serie ATP.F ist eine rationale und wirtschaftliche L\u00f6sung, um die Schnellanschl\u00fcsse der Serie FIRG &#8211; APM &#8211; VP-P ordnungsgem\u00e4\u00df zu sch\u00fctzen.<\/p>\n","protected":false},"excerpt":{"rendered":"<p>Der Schutzstopfen f\u00fcr Schnellkupplungen der Serie ATP.F ist eine rationale und wirtschaftliche L\u00f6sung, um die Schnellanschl\u00fcsse der Serie FIRG &#8211; APM &#8211; VP-P ordnungsgem\u00e4\u00df zu sch\u00fctzen.<\/p>\n","protected":false},"featured_media":0,"template":"","product_brand":[],"product_cat":[585],"product_tag":[],"class_list":{"0":"post-41031","1":"product","2":"type-product","3":"status-publish","5":"product_cat-schnellkupplungen-und-drehgelenke","6":"odd","8":"first","9":"instock","10":"shipping-taxable","11":"product-type-simple"},"_links":{"self":[{"href":"https:\/\/contarini.net\/de\/wp-json\/wp\/v2\/product\/41031","targetHints":{"allow":["GET"]}}],"collection":[{"href":"https:\/\/contarini.net\/de\/wp-json\/wp\/v2\/product"}],"about":[{"href":"https:\/\/contarini.net\/de\/wp-json\/wp\/v2\/types\/product"}],"wp:attachment":[{"href":"https:\/\/contarini.net\/de\/wp-json\/wp\/v2\/media?parent=41031"}],"wp:term":[{"taxonomy":"product_brand","embeddable":true,"href":"https:\/\/contarini.net\/de\/wp-json\/wp\/v2\/product_brand?post=41031"},{"taxonomy":"product_cat","embeddable":true,"href":"https:\/\/contarini.net\/de\/wp-json\/wp\/v2\/product_cat?post=41031"},{"taxonomy":"product_tag","embeddable":true,"href":"https:\/\/contarini.net\/de\/wp-json\/wp\/v2\/product_tag?post=41031"}],"curies":[{"name":"wp","href":"https:\/\/api.w.org\/{rel}","templated":true}]}}