{"id":41028,"date":"2016-09-06T17:19:50","date_gmt":"2016-09-06T15:19:50","guid":{"rendered":"https:\/\/contarini.net\/de\/produkt\/m-apm-de\/"},"modified":"2016-09-06T17:19:50","modified_gmt":"2016-09-06T15:19:50","slug":"m-apm-de","status":"publish","type":"product","link":"https:\/\/contarini.net\/de\/produkt\/m-apm-de\/","title":{"rendered":"FLACHDICHTENDE SCHNELLKUPPLUNG TYP M-APM"},"content":{"rendered":"<p>Die flachdichtenden Schnellkupplungen der Serie \u201eM-APM\u201c mit Steckanschluss sind die optimale L\u00f6sung f\u00fcr manuelle Kupplungen an einem Kreislauf mit Restdruck. Der Anschluss besteht aus einem besonderen System mit drei Ventilen: Zwei Ventile innen, zum Entlasten des Drucks und ein Absperrventil mit ebenen Fl\u00e4chen. Mithilfe dieses Systems k\u00f6nnen sicher manuell Anschl\u00fcsse ausgef\u00fchrt werden, wenn ein hoher Restdruck im Inneren vorherrscht, wobei keine Fl\u00fcssigkeit verloren wird. Dank dieser grundlegenden Eigenschaft werden die Schnellkupplungen \u201eM-APM\u201c f\u00fcr die verschiedensten Hydraulik-Anwendungen, bei denen Anschl\u00fcsse an einem Kreislauf mit Restdruck ausgef\u00fchrt werden m\u00fcssen, eingesetzt.<\/p>\n","protected":false},"excerpt":{"rendered":"<p>Die flachdichtenden Schnellkupplungen der Serie \u201eM-APM\u201c mit Steckanschluss sind die optimale L\u00f6sung f\u00fcr manuelle Kupplungen an einem Kreislauf mit Restdruck. Der Anschluss besteht aus einem besonderen System mit drei Ventilen: Zwei Ventile innen, zum Entlasten des Drucks und ein Absperrventil mit ebenen Fl\u00e4chen. Mithilfe dieses Systems k\u00f6nnen sicher manuell Anschl\u00fcsse ausgef\u00fchrt werden, wenn ein hoher Restdruck im Inneren vorherrscht, wobei [&hellip;]<\/p>\n","protected":false},"featured_media":0,"template":"","product_brand":[],"product_cat":[585],"product_tag":[],"class_list":{"0":"post-41028","1":"product","2":"type-product","3":"status-publish","5":"product_cat-schnellkupplungen-und-drehgelenke","6":"odd","8":"first","9":"instock","10":"shipping-taxable","11":"product-type-simple"},"_links":{"self":[{"href":"https:\/\/contarini.net\/de\/wp-json\/wp\/v2\/product\/41028","targetHints":{"allow":["GET"]}}],"collection":[{"href":"https:\/\/contarini.net\/de\/wp-json\/wp\/v2\/product"}],"about":[{"href":"https:\/\/contarini.net\/de\/wp-json\/wp\/v2\/types\/product"}],"wp:attachment":[{"href":"https:\/\/contarini.net\/de\/wp-json\/wp\/v2\/media?parent=41028"}],"wp:term":[{"taxonomy":"product_brand","embeddable":true,"href":"https:\/\/contarini.net\/de\/wp-json\/wp\/v2\/product_brand?post=41028"},{"taxonomy":"product_cat","embeddable":true,"href":"https:\/\/contarini.net\/de\/wp-json\/wp\/v2\/product_cat?post=41028"},{"taxonomy":"product_tag","embeddable":true,"href":"https:\/\/contarini.net\/de\/wp-json\/wp\/v2\/product_tag?post=41028"}],"curies":[{"name":"wp","href":"https:\/\/api.w.org\/{rel}","templated":true}]}}