{"id":41022,"date":"2016-09-06T17:19:48","date_gmt":"2016-09-06T15:19:48","guid":{"rendered":"https:\/\/contarini.net\/de\/produkt\/f-vp-p-de\/"},"modified":"2016-09-06T17:19:48","modified_gmt":"2016-09-06T15:19:48","slug":"f-vp-p-de","status":"publish","type":"product","link":"https:\/\/contarini.net\/de\/produkt\/f-vp-p-de\/","title":{"rendered":"FLACHDICHTENDE SCHNELLKUPPLUNG &#8211; TYP &#8222;&#8220;F.VP-P&#8220;&#8220;"},"content":{"rendered":"<p>Die flachdichtenden Schrauben-Schnellkupplungen der Serie VP-P stellen eine herausragende technologische L\u00f6sung f\u00fcr die anspruchsvollsten Hydraulikanwendungen dar. Das Kupplungssystem mit einer Schraube schlie\u00dft eine vorzeitige Abnutzung und die \u201eBrinellierung\u201c (Aush\u00e4rtung des Metalls), die durch Kugelkupplungen verursacht wird, aus, weshalb die Serie \u201eVP-P\u201c f\u00fcr einen hohen Betriebsdruck geeignet ist. Das besondere System mit drei Ventilen, zwei Ventile entlasten innen den Druck und ein Absperrventil mit ebenen Fl\u00e4chen, erm\u00f6glicht die sichere Ausf\u00fchrung eines Anschlusses auch bei hohem Restdruck, wobei keine Fl\u00fcssigkeit verloren wird. Der in das Kupplungssystem integrierte Sicherheitsring verhindert ein ungewolltes Abkoppeln, weshalb \u201eVP-P\u201c ideal f\u00fcr extreme Betriebsbedingungen ist, bei denen starke Vibrationen und Verdrehungen zum Aufdrehen der Anschl\u00fcsse f\u00fchren k\u00f6nnen.<\/p>\n","protected":false},"excerpt":{"rendered":"<p>Die flachdichtenden Schrauben-Schnellkupplungen der Serie VP-P stellen eine herausragende technologische L\u00f6sung f\u00fcr die anspruchsvollsten Hydraulikanwendungen dar. Das Kupplungssystem mit einer Schraube schlie\u00dft eine vorzeitige Abnutzung und die \u201eBrinellierung\u201c (Aush\u00e4rtung des Metalls), die durch Kugelkupplungen verursacht wird, aus, weshalb die Serie \u201eVP-P\u201c f\u00fcr einen hohen Betriebsdruck geeignet ist. Das besondere System mit drei Ventilen, zwei Ventile entlasten innen den Druck und [&hellip;]<\/p>\n","protected":false},"featured_media":0,"template":"","product_brand":[],"product_cat":[585],"product_tag":[],"class_list":{"0":"post-41022","1":"product","2":"type-product","3":"status-publish","5":"product_cat-schnellkupplungen-und-drehgelenke","6":"odd","8":"first","9":"instock","10":"shipping-taxable","11":"product-type-simple"},"_links":{"self":[{"href":"https:\/\/contarini.net\/de\/wp-json\/wp\/v2\/product\/41022","targetHints":{"allow":["GET"]}}],"collection":[{"href":"https:\/\/contarini.net\/de\/wp-json\/wp\/v2\/product"}],"about":[{"href":"https:\/\/contarini.net\/de\/wp-json\/wp\/v2\/types\/product"}],"wp:attachment":[{"href":"https:\/\/contarini.net\/de\/wp-json\/wp\/v2\/media?parent=41022"}],"wp:term":[{"taxonomy":"product_brand","embeddable":true,"href":"https:\/\/contarini.net\/de\/wp-json\/wp\/v2\/product_brand?post=41022"},{"taxonomy":"product_cat","embeddable":true,"href":"https:\/\/contarini.net\/de\/wp-json\/wp\/v2\/product_cat?post=41022"},{"taxonomy":"product_tag","embeddable":true,"href":"https:\/\/contarini.net\/de\/wp-json\/wp\/v2\/product_tag?post=41022"}],"curies":[{"name":"wp","href":"https:\/\/api.w.org\/{rel}","templated":true}]}}