{"id":41016,"date":"2016-09-06T17:19:46","date_gmt":"2016-09-06T15:19:46","guid":{"rendered":"https:\/\/contarini.net\/de\/produkt\/aifirf-de\/"},"modified":"2016-09-06T17:19:46","modified_gmt":"2016-09-06T15:19:46","slug":"aifirf-de","status":"publish","type":"product","link":"https:\/\/contarini.net\/de\/produkt\/aifirf-de\/","title":{"rendered":"FLACHDICHTENDE SCHNELLKUPPLUNG &#8211; TYP &#8222;AIFIRF&#8220;"},"content":{"rendered":"<p>Die Serie der flachdichtenden Schnellkupplungen \u201cAIFIRF\u201d mit Innengewinde ist die Originalserie der flachdichtenden Schnellkupplungen. Sie werden in vielen Hydrauliksektoren eingesetzt, dank ihrer guten Leistungsf\u00e4higkeit und den zahlreichen Vorteilen, die sie bieten, sind sie weltweit anerkannt und werden von Herstellern von Hydraulikmaschinen und Hydraulikwerkzeug h\u00e4ufig verwendet. Sie werden bei Anwendungen verwendet, wo es n\u00f6tig ist, den Verlust von Fl\u00fcssigkeit und die Verunreinigung des Kreislaufs zu beseitigen.<\/p>\n","protected":false},"excerpt":{"rendered":"<p>Die Serie der flachdichtenden Schnellkupplungen \u201cAIFIRF\u201d mit Innengewinde ist die Originalserie der flachdichtenden Schnellkupplungen. Sie werden in vielen Hydrauliksektoren eingesetzt, dank ihrer guten Leistungsf\u00e4higkeit und den zahlreichen Vorteilen, die sie bieten, sind sie weltweit anerkannt und werden von Herstellern von Hydraulikmaschinen und Hydraulikwerkzeug h\u00e4ufig verwendet. Sie werden bei Anwendungen verwendet, wo es n\u00f6tig ist, den Verlust von Fl\u00fcssigkeit und die [&hellip;]<\/p>\n","protected":false},"featured_media":0,"template":"","product_brand":[],"product_cat":[585],"product_tag":[],"class_list":{"0":"post-41016","1":"product","2":"type-product","3":"status-publish","5":"product_cat-schnellkupplungen-und-drehgelenke","6":"odd","8":"first","9":"instock","10":"shipping-taxable","11":"product-type-simple"},"_links":{"self":[{"href":"https:\/\/contarini.net\/de\/wp-json\/wp\/v2\/product\/41016","targetHints":{"allow":["GET"]}}],"collection":[{"href":"https:\/\/contarini.net\/de\/wp-json\/wp\/v2\/product"}],"about":[{"href":"https:\/\/contarini.net\/de\/wp-json\/wp\/v2\/types\/product"}],"wp:attachment":[{"href":"https:\/\/contarini.net\/de\/wp-json\/wp\/v2\/media?parent=41016"}],"wp:term":[{"taxonomy":"product_brand","embeddable":true,"href":"https:\/\/contarini.net\/de\/wp-json\/wp\/v2\/product_brand?post=41016"},{"taxonomy":"product_cat","embeddable":true,"href":"https:\/\/contarini.net\/de\/wp-json\/wp\/v2\/product_cat?post=41016"},{"taxonomy":"product_tag","embeddable":true,"href":"https:\/\/contarini.net\/de\/wp-json\/wp\/v2\/product_tag?post=41016"}],"curies":[{"name":"wp","href":"https:\/\/api.w.org\/{rel}","templated":true}]}}