{"id":41007,"date":"2016-09-06T17:19:43","date_gmt":"2016-09-06T15:19:43","guid":{"rendered":"https:\/\/contarini.net\/de\/produkt\/aipsf-de\/"},"modified":"2016-09-06T17:19:44","modified_gmt":"2016-09-06T15:19:44","slug":"aipsf-de","status":"publish","type":"product","link":"https:\/\/contarini.net\/de\/produkt\/aipsf-de\/","title":{"rendered":"PUSH-PULL SCHNELLKUPPLUNG MIT KUGELVENTIL TYP AIPSF"},"content":{"rendered":"<p>\u201cAIPSF\u201d ist eine Kupplung mit Innengewinde mit einem Kugelsperrungssystem, doppelwirkender Fassung zur Wandmontage, die ein An- und Abkuppeln im Push-Pull-Modus erm\u00f6glicht, mit einer Funktion gegen das Abrei\u00dfen der Schl\u00e4uche. Sie werden vor allem auf der Hinterseite von Traktoren verwendet, wo die Funktion gegen das Abrei\u00dfen der Schl\u00e4uche erforderlich ist, um das Rei\u00dfen der hydraulischen Anschl\u00fcsse zu vermeiden, wenn sich der Traktor in Bezug auf das Werkzeug, das mechanisch nicht angekuppelt ist, bewegt. Verf\u00fcgbar in der Gr\u00f6\u00dfe 1\/2, die wegen der Austauschbarkeit gem\u00e4\u00df ISO 7241-1 Serie \u201cA\u201d am g\u00e4ngigsten ist.<\/p>\n","protected":false},"excerpt":{"rendered":"<p>\u201cAIPSF\u201d ist eine Kupplung mit Innengewinde mit einem Kugelsperrungssystem, doppelwirkender Fassung zur Wandmontage, die ein An- und Abkuppeln im Push-Pull-Modus erm\u00f6glicht, mit einer Funktion gegen das Abrei\u00dfen der Schl\u00e4uche. Sie werden vor allem auf der Hinterseite von Traktoren verwendet, wo die Funktion gegen das Abrei\u00dfen der Schl\u00e4uche erforderlich ist, um das Rei\u00dfen der hydraulischen Anschl\u00fcsse zu vermeiden, wenn sich der [&hellip;]<\/p>\n","protected":false},"featured_media":0,"template":"","product_brand":[],"product_cat":[585],"product_tag":[],"class_list":{"0":"post-41007","1":"product","2":"type-product","3":"status-publish","5":"product_cat-schnellkupplungen-und-drehgelenke","6":"odd","8":"first","9":"instock","10":"shipping-taxable","11":"product-type-simple"},"_links":{"self":[{"href":"https:\/\/contarini.net\/de\/wp-json\/wp\/v2\/product\/41007","targetHints":{"allow":["GET"]}}],"collection":[{"href":"https:\/\/contarini.net\/de\/wp-json\/wp\/v2\/product"}],"about":[{"href":"https:\/\/contarini.net\/de\/wp-json\/wp\/v2\/types\/product"}],"wp:attachment":[{"href":"https:\/\/contarini.net\/de\/wp-json\/wp\/v2\/media?parent=41007"}],"wp:term":[{"taxonomy":"product_brand","embeddable":true,"href":"https:\/\/contarini.net\/de\/wp-json\/wp\/v2\/product_brand?post=41007"},{"taxonomy":"product_cat","embeddable":true,"href":"https:\/\/contarini.net\/de\/wp-json\/wp\/v2\/product_cat?post=41007"},{"taxonomy":"product_tag","embeddable":true,"href":"https:\/\/contarini.net\/de\/wp-json\/wp\/v2\/product_tag?post=41007"}],"curies":[{"name":"wp","href":"https:\/\/api.w.org\/{rel}","templated":true}]}}