{"id":40998,"date":"2016-09-06T17:19:29","date_gmt":"2016-09-06T15:19:29","guid":{"rendered":"https:\/\/contarini.net\/de\/produkt\/airfs-de\/"},"modified":"2016-09-06T17:19:30","modified_gmt":"2016-09-06T15:19:30","slug":"airfs-de","status":"publish","type":"product","link":"https:\/\/contarini.net\/de\/produkt\/airfs-de\/","title":{"rendered":"SCHNELLKUPPLUNG MIT KUGELVENTIL &#8211; TYP &#8222;AIRFS&#8220;"},"content":{"rendered":"<p>Die Serie \u201cAIRFS\u201d ist die Serie der Schnellkupplungen mit Innengewinde mit Kugelsperrung, aus Kohlenstoffstahl hergestellt, mit Verzinkung zur Oberfl\u00e4chenbehandlung. Dank der besseren Best\u00e4ndigkeit der Kugelsperrung gegen Verschlei\u00df im Vergleich zum Ventil mit Dichtung, werden die Kupplungen der Serie \u201cAIRFS\u201d vor allem in Anwendungen unter schmutzigen Bedingungen wie in der Landwirtschaft verwendet. Die Abmessung 1\/2 ist gem\u00e4\u00df dem internationalen Standard ISO 7241-1 Serie \u201cA\u201d austauschbar.<\/p>\n","protected":false},"excerpt":{"rendered":"<p>Die Serie \u201cAIRFS\u201d ist die Serie der Schnellkupplungen mit Innengewinde mit Kugelsperrung, aus Kohlenstoffstahl hergestellt, mit Verzinkung zur Oberfl\u00e4chenbehandlung. Dank der besseren Best\u00e4ndigkeit der Kugelsperrung gegen Verschlei\u00df im Vergleich zum Ventil mit Dichtung, werden die Kupplungen der Serie \u201cAIRFS\u201d vor allem in Anwendungen unter schmutzigen Bedingungen wie in der Landwirtschaft verwendet. Die Abmessung 1\/2 ist gem\u00e4\u00df dem internationalen Standard ISO [&hellip;]<\/p>\n","protected":false},"featured_media":0,"template":"","product_brand":[],"product_cat":[585],"product_tag":[],"class_list":{"0":"post-40998","1":"product","2":"type-product","3":"status-publish","5":"product_cat-schnellkupplungen-und-drehgelenke","6":"odd","8":"first","9":"instock","10":"shipping-taxable","11":"product-type-simple"},"_links":{"self":[{"href":"https:\/\/contarini.net\/de\/wp-json\/wp\/v2\/product\/40998","targetHints":{"allow":["GET"]}}],"collection":[{"href":"https:\/\/contarini.net\/de\/wp-json\/wp\/v2\/product"}],"about":[{"href":"https:\/\/contarini.net\/de\/wp-json\/wp\/v2\/types\/product"}],"wp:attachment":[{"href":"https:\/\/contarini.net\/de\/wp-json\/wp\/v2\/media?parent=40998"}],"wp:term":[{"taxonomy":"product_brand","embeddable":true,"href":"https:\/\/contarini.net\/de\/wp-json\/wp\/v2\/product_brand?post=40998"},{"taxonomy":"product_cat","embeddable":true,"href":"https:\/\/contarini.net\/de\/wp-json\/wp\/v2\/product_cat?post=40998"},{"taxonomy":"product_tag","embeddable":true,"href":"https:\/\/contarini.net\/de\/wp-json\/wp\/v2\/product_tag?post=40998"}],"curies":[{"name":"wp","href":"https:\/\/api.w.org\/{rel}","templated":true}]}}