{"id":40986,"date":"2016-09-06T17:19:24","date_gmt":"2016-09-06T15:19:24","guid":{"rendered":"https:\/\/contarini.net\/de\/produkt\/abirf-de\/"},"modified":"2016-09-06T17:19:24","modified_gmt":"2016-09-06T15:19:24","slug":"abirf-de","status":"publish","type":"product","link":"https:\/\/contarini.net\/de\/produkt\/abirf-de\/","title":{"rendered":"SCHNELLKUPPLUNG MIT KEGELVENTIL &#8211; TYP &#8222;ABIRF&#8220;"},"content":{"rendered":"<p>Die Serie \u201cABIRF\u201d ist die Serie der Schnellkupplungen mit Innengewinde mit einem Pilzsperrungssystem, gem\u00e4\u00df dem internationalen Standard ISO 7241-1 Serie \u201cA\u201d austauschbar, aus Kohlenstoffstahl hergestellt, mit Verzinkung zur Oberfl\u00e4chenbehandlung. Die weltweite Austauschbarkeit und die Verf\u00fcgbarkeit einer umfassenden Auswahl an Gr\u00f6\u00dfen, von 1\/4\u201d bis 2\u201d, macht die Serie \u201cABIRF\u201d zu einer in verschiedenen Hydraulikanwendungen, vor allem auf dem Landwirtschafts- und Industriesektor, h\u00e4ufig verwendeten Serie.<\/p>\n","protected":false},"excerpt":{"rendered":"<p>Die Serie \u201cABIRF\u201d ist die Serie der Schnellkupplungen mit Innengewinde mit einem Pilzsperrungssystem, gem\u00e4\u00df dem internationalen Standard ISO 7241-1 Serie \u201cA\u201d austauschbar, aus Kohlenstoffstahl hergestellt, mit Verzinkung zur Oberfl\u00e4chenbehandlung. Die weltweite Austauschbarkeit und die Verf\u00fcgbarkeit einer umfassenden Auswahl an Gr\u00f6\u00dfen, von 1\/4\u201d bis 2\u201d, macht die Serie \u201cABIRF\u201d zu einer in verschiedenen Hydraulikanwendungen, vor allem auf dem Landwirtschafts- und Industriesektor, [&hellip;]<\/p>\n","protected":false},"featured_media":0,"template":"","product_brand":[],"product_cat":[585],"product_tag":[],"class_list":{"0":"post-40986","1":"product","2":"type-product","3":"status-publish","5":"product_cat-schnellkupplungen-und-drehgelenke","6":"odd","8":"first","9":"instock","10":"shipping-taxable","11":"product-type-simple"},"_links":{"self":[{"href":"https:\/\/contarini.net\/de\/wp-json\/wp\/v2\/product\/40986","targetHints":{"allow":["GET"]}}],"collection":[{"href":"https:\/\/contarini.net\/de\/wp-json\/wp\/v2\/product"}],"about":[{"href":"https:\/\/contarini.net\/de\/wp-json\/wp\/v2\/types\/product"}],"wp:attachment":[{"href":"https:\/\/contarini.net\/de\/wp-json\/wp\/v2\/media?parent=40986"}],"wp:term":[{"taxonomy":"product_brand","embeddable":true,"href":"https:\/\/contarini.net\/de\/wp-json\/wp\/v2\/product_brand?post=40986"},{"taxonomy":"product_cat","embeddable":true,"href":"https:\/\/contarini.net\/de\/wp-json\/wp\/v2\/product_cat?post=40986"},{"taxonomy":"product_tag","embeddable":true,"href":"https:\/\/contarini.net\/de\/wp-json\/wp\/v2\/product_tag?post=40986"}],"curies":[{"name":"wp","href":"https:\/\/api.w.org\/{rel}","templated":true}]}}