{"id":40968,"date":"2016-09-06T17:19:15","date_gmt":"2016-09-06T15:19:15","guid":{"rendered":"https:\/\/contarini.net\/de\/produkt\/mpm-mm-de\/"},"modified":"2016-09-06T17:19:15","modified_gmt":"2016-09-06T15:19:15","slug":"mpm-mm-de","status":"publish","type":"product","link":"https:\/\/contarini.net\/de\/produkt\/mpm-mm-de\/","title":{"rendered":"HYDRAULIKMOTOREN &#8222;M+S HYDRAULIC&#8220; TYP MPM(MM)"},"content":{"rendered":"<p>Die Hydraulikmotoren der Serie MPM sind Motoren mit Orbitalgetrieben mit radialer \u00d6lverteilung: Die Steuerwelle ist fest in die Ausgangswelle eingegliedert. Durch die verkleinerten Abmessungen und den geringen Hubraum stellen diese Motoren eine optimale L\u00f6sung dar, wenn gr\u00f6\u00dfere Rotationen und kleinere Ausma\u00dfe erforderlich sind.<\/p>\n","protected":false},"excerpt":{"rendered":"<p>Die Hydraulikmotoren der Serie MPM sind Motoren mit Orbitalgetrieben mit radialer \u00d6lverteilung: Die Steuerwelle ist fest in die Ausgangswelle eingegliedert. Durch die verkleinerten Abmessungen und den geringen Hubraum stellen diese Motoren eine optimale L\u00f6sung dar, wenn gr\u00f6\u00dfere Rotationen und kleinere Ausma\u00dfe erforderlich sind.<\/p>\n","protected":false},"featured_media":0,"template":"","product_brand":[],"product_cat":[582],"product_tag":[],"class_list":{"0":"post-40968","1":"product","2":"type-product","3":"status-publish","5":"product_cat-hydraulikmotoren","6":"odd","8":"first","9":"instock","10":"shipping-taxable","11":"product-type-simple"},"_links":{"self":[{"href":"https:\/\/contarini.net\/de\/wp-json\/wp\/v2\/product\/40968","targetHints":{"allow":["GET"]}}],"collection":[{"href":"https:\/\/contarini.net\/de\/wp-json\/wp\/v2\/product"}],"about":[{"href":"https:\/\/contarini.net\/de\/wp-json\/wp\/v2\/types\/product"}],"wp:attachment":[{"href":"https:\/\/contarini.net\/de\/wp-json\/wp\/v2\/media?parent=40968"}],"wp:term":[{"taxonomy":"product_brand","embeddable":true,"href":"https:\/\/contarini.net\/de\/wp-json\/wp\/v2\/product_brand?post=40968"},{"taxonomy":"product_cat","embeddable":true,"href":"https:\/\/contarini.net\/de\/wp-json\/wp\/v2\/product_cat?post=40968"},{"taxonomy":"product_tag","embeddable":true,"href":"https:\/\/contarini.net\/de\/wp-json\/wp\/v2\/product_tag?post=40968"}],"curies":[{"name":"wp","href":"https:\/\/api.w.org\/{rel}","templated":true}]}}