{"id":40962,"date":"2016-09-06T17:19:12","date_gmt":"2016-09-06T15:19:12","guid":{"rendered":"https:\/\/contarini.net\/de\/produkt\/mcrn-de\/"},"modified":"2016-09-06T17:19:13","modified_gmt":"2016-09-06T15:19:13","slug":"mcrn-de","status":"publish","type":"product","link":"https:\/\/contarini.net\/de\/produkt\/mcrn-de\/","title":{"rendered":"HYDRAULIKMOTOREN &#8222;Z-J HYDRAULIC&#8220; TYP MCRN"},"content":{"rendered":"<p>Die Orbitalmotoren der Serie MCRN sind Motoren mit Orbitalgetrieben mit radialer \u00d6lverteilung: Die Steuerwelle ist fest in die Ausgangswelle eingegliedert. Diese Motorenreihe ist in der Lage, im Vergleich zur Version MCPN ein besseres Anlaufmoment zu garantieren. Sie sind serienm\u00e4\u00dfig mit Rollenlagern und Standarddichtung zu 150 bar ausgestattet und erweisen sich als optimale L\u00f6sung f\u00fcr mittlere\/leichte Anwendungen mit einem optimalen Qualit\u00e4ts-\/Preisverh\u00e4ltnis.<\/p>\n","protected":false},"excerpt":{"rendered":"<p>Die Orbitalmotoren der Serie MCRN sind Motoren mit Orbitalgetrieben mit radialer \u00d6lverteilung: Die Steuerwelle ist fest in die Ausgangswelle eingegliedert. Diese Motorenreihe ist in der Lage, im Vergleich zur Version MCPN ein besseres Anlaufmoment zu garantieren. Sie sind serienm\u00e4\u00dfig mit Rollenlagern und Standarddichtung zu 150 bar ausgestattet und erweisen sich als optimale L\u00f6sung f\u00fcr mittlere\/leichte Anwendungen mit einem optimalen Qualit\u00e4ts-\/Preisverh\u00e4ltnis.<\/p>\n","protected":false},"featured_media":0,"template":"","product_brand":[],"product_cat":[582],"product_tag":[],"class_list":{"0":"post-40962","1":"product","2":"type-product","3":"status-publish","5":"product_cat-hydraulikmotoren","6":"odd","8":"first","9":"instock","10":"shipping-taxable","11":"product-type-simple"},"_links":{"self":[{"href":"https:\/\/contarini.net\/de\/wp-json\/wp\/v2\/product\/40962","targetHints":{"allow":["GET"]}}],"collection":[{"href":"https:\/\/contarini.net\/de\/wp-json\/wp\/v2\/product"}],"about":[{"href":"https:\/\/contarini.net\/de\/wp-json\/wp\/v2\/types\/product"}],"wp:attachment":[{"href":"https:\/\/contarini.net\/de\/wp-json\/wp\/v2\/media?parent=40962"}],"wp:term":[{"taxonomy":"product_brand","embeddable":true,"href":"https:\/\/contarini.net\/de\/wp-json\/wp\/v2\/product_brand?post=40962"},{"taxonomy":"product_cat","embeddable":true,"href":"https:\/\/contarini.net\/de\/wp-json\/wp\/v2\/product_cat?post=40962"},{"taxonomy":"product_tag","embeddable":true,"href":"https:\/\/contarini.net\/de\/wp-json\/wp\/v2\/product_tag?post=40962"}],"curies":[{"name":"wp","href":"https:\/\/api.w.org\/{rel}","templated":true}]}}