{"id":40959,"date":"2016-09-06T17:19:11","date_gmt":"2016-09-06T15:19:11","guid":{"rendered":"https:\/\/contarini.net\/de\/produkt\/mcpn-de\/"},"modified":"2016-09-06T17:19:12","modified_gmt":"2016-09-06T15:19:12","slug":"mcpn-de","status":"publish","type":"product","link":"https:\/\/contarini.net\/de\/produkt\/mcpn-de\/","title":{"rendered":"HYDRAULIKMOTOREN &#8222;Z-J HYDRAULIC&#8220; TYP MCPN"},"content":{"rendered":"<p>Die Orbitalmotoren der Serie MCPN sind Motoren mit Orbitalgetrieben mit radialer \u00d6lverteilung: Die Steuerwelle ist fest in die Ausgangswelle eingegliedert. Sie sind serienm\u00e4\u00dfig mit Rollenlagern und Standarddichtung zu 150 bar ausgestattet und erweisen sich als optimale L\u00f6sung f\u00fcr mittlere\/leichte Anwendungen mit einem optimalen Qualit\u00e4ts-\/Preisverh\u00e4ltnis.<\/p>\n","protected":false},"excerpt":{"rendered":"<p>Die Orbitalmotoren der Serie MCPN sind Motoren mit Orbitalgetrieben mit radialer \u00d6lverteilung: Die Steuerwelle ist fest in die Ausgangswelle eingegliedert. Sie sind serienm\u00e4\u00dfig mit Rollenlagern und Standarddichtung zu 150 bar ausgestattet und erweisen sich als optimale L\u00f6sung f\u00fcr mittlere\/leichte Anwendungen mit einem optimalen Qualit\u00e4ts-\/Preisverh\u00e4ltnis.<\/p>\n","protected":false},"featured_media":0,"template":"","product_brand":[],"product_cat":[582],"product_tag":[],"class_list":{"0":"post-40959","1":"product","2":"type-product","3":"status-publish","5":"product_cat-hydraulikmotoren","6":"odd","8":"first","9":"instock","10":"shipping-taxable","11":"product-type-simple"},"_links":{"self":[{"href":"https:\/\/contarini.net\/de\/wp-json\/wp\/v2\/product\/40959","targetHints":{"allow":["GET"]}}],"collection":[{"href":"https:\/\/contarini.net\/de\/wp-json\/wp\/v2\/product"}],"about":[{"href":"https:\/\/contarini.net\/de\/wp-json\/wp\/v2\/types\/product"}],"wp:attachment":[{"href":"https:\/\/contarini.net\/de\/wp-json\/wp\/v2\/media?parent=40959"}],"wp:term":[{"taxonomy":"product_brand","embeddable":true,"href":"https:\/\/contarini.net\/de\/wp-json\/wp\/v2\/product_brand?post=40959"},{"taxonomy":"product_cat","embeddable":true,"href":"https:\/\/contarini.net\/de\/wp-json\/wp\/v2\/product_cat?post=40959"},{"taxonomy":"product_tag","embeddable":true,"href":"https:\/\/contarini.net\/de\/wp-json\/wp\/v2\/product_tag?post=40959"}],"curies":[{"name":"wp","href":"https:\/\/api.w.org\/{rel}","templated":true}]}}