{"id":40953,"date":"2016-09-06T17:19:09","date_gmt":"2016-09-06T15:19:09","guid":{"rendered":"https:\/\/contarini.net\/de\/produkt\/mcm-de\/"},"modified":"2016-09-06T17:19:09","modified_gmt":"2016-09-06T15:19:09","slug":"mcm-de","status":"publish","type":"product","link":"https:\/\/contarini.net\/de\/produkt\/mcm-de\/","title":{"rendered":"HYDRAULIKMOTOREN &#8222;Z-J HYDRAULIC&#8220; TYP MCM"},"content":{"rendered":"<p>Die Hydraulikmotoren der Serie MCM sind Motoren mit Orbitalgetriebe und radialer Verteilung des \u00d6ls: Die Verteilerwelle ist fest mit der Ausgangswelle verbunden. Sie sind serienm\u00e4\u00dfig mit Rollenlagern und Standarddichtung mit 150 bar ausgestattet, stellen eine optimale L\u00f6sung f\u00fcr mittelschwere bis leichte Anwendungen dar und bieten ein gutes Preisleistungsverh\u00e4ltnis. Die Versorgungsanschl\u00fcsse liegen an der R\u00fcckseite.<\/p>\n","protected":false},"excerpt":{"rendered":"<p>Die Hydraulikmotoren der Serie MCM sind Motoren mit Orbitalgetriebe und radialer Verteilung des \u00d6ls: Die Verteilerwelle ist fest mit der Ausgangswelle verbunden. Sie sind serienm\u00e4\u00dfig mit Rollenlagern und Standarddichtung mit 150 bar ausgestattet, stellen eine optimale L\u00f6sung f\u00fcr mittelschwere bis leichte Anwendungen dar und bieten ein gutes Preisleistungsverh\u00e4ltnis. Die Versorgungsanschl\u00fcsse liegen an der R\u00fcckseite.<\/p>\n","protected":false},"featured_media":0,"template":"","product_brand":[],"product_cat":[582],"product_tag":[],"class_list":{"0":"post-40953","1":"product","2":"type-product","3":"status-publish","5":"product_cat-hydraulikmotoren","6":"odd","8":"first","9":"instock","10":"shipping-taxable","11":"product-type-simple"},"_links":{"self":[{"href":"https:\/\/contarini.net\/de\/wp-json\/wp\/v2\/product\/40953","targetHints":{"allow":["GET"]}}],"collection":[{"href":"https:\/\/contarini.net\/de\/wp-json\/wp\/v2\/product"}],"about":[{"href":"https:\/\/contarini.net\/de\/wp-json\/wp\/v2\/types\/product"}],"wp:attachment":[{"href":"https:\/\/contarini.net\/de\/wp-json\/wp\/v2\/media?parent=40953"}],"wp:term":[{"taxonomy":"product_brand","embeddable":true,"href":"https:\/\/contarini.net\/de\/wp-json\/wp\/v2\/product_brand?post=40953"},{"taxonomy":"product_cat","embeddable":true,"href":"https:\/\/contarini.net\/de\/wp-json\/wp\/v2\/product_cat?post=40953"},{"taxonomy":"product_tag","embeddable":true,"href":"https:\/\/contarini.net\/de\/wp-json\/wp\/v2\/product_tag?post=40953"}],"curies":[{"name":"wp","href":"https:\/\/api.w.org\/{rel}","templated":true}]}}