{"id":40941,"date":"2016-09-06T17:19:03","date_gmt":"2016-09-06T15:19:03","guid":{"rendered":"https:\/\/contarini.net\/de\/produkt\/at-de\/"},"modified":"2016-09-06T17:19:04","modified_gmt":"2016-09-06T15:19:04","slug":"at-de","status":"publish","type":"product","link":"https:\/\/contarini.net\/de\/produkt\/at-de\/","title":{"rendered":"STEUERRADSTOPFEN TYP AT"},"content":{"rendered":"<p>Die Kappe der Serie AT erm\u00f6glicht das Verschlie\u00dfen des Mittelteils des Steuerrades, wodurch die Befestigungsmutter auf der Lenks\u00e4ule verdeckt wird.<\/p>\n","protected":false},"excerpt":{"rendered":"<p>Die Kappe der Serie AT erm\u00f6glicht das Verschlie\u00dfen des Mittelteils des Steuerrades, wodurch die Befestigungsmutter auf der Lenks\u00e4ule verdeckt wird.<\/p>\n","protected":false},"featured_media":0,"template":"","product_brand":[],"product_cat":[576],"product_tag":[],"class_list":{"0":"post-40941","1":"product","2":"type-product","3":"status-publish","5":"product_cat-hydrolenkungen-und-zubehoere","6":"odd","8":"first","9":"instock","10":"shipping-taxable","11":"product-type-simple"},"_links":{"self":[{"href":"https:\/\/contarini.net\/de\/wp-json\/wp\/v2\/product\/40941","targetHints":{"allow":["GET"]}}],"collection":[{"href":"https:\/\/contarini.net\/de\/wp-json\/wp\/v2\/product"}],"about":[{"href":"https:\/\/contarini.net\/de\/wp-json\/wp\/v2\/types\/product"}],"wp:attachment":[{"href":"https:\/\/contarini.net\/de\/wp-json\/wp\/v2\/media?parent=40941"}],"wp:term":[{"taxonomy":"product_brand","embeddable":true,"href":"https:\/\/contarini.net\/de\/wp-json\/wp\/v2\/product_brand?post=40941"},{"taxonomy":"product_cat","embeddable":true,"href":"https:\/\/contarini.net\/de\/wp-json\/wp\/v2\/product_cat?post=40941"},{"taxonomy":"product_tag","embeddable":true,"href":"https:\/\/contarini.net\/de\/wp-json\/wp\/v2\/product_tag?post=40941"}],"curies":[{"name":"wp","href":"https:\/\/api.w.org\/{rel}","templated":true}]}}