{"id":40935,"date":"2016-09-06T17:19:01","date_gmt":"2016-09-06T15:19:01","guid":{"rendered":"https:\/\/contarini.net\/de\/produkt\/aci-de\/"},"modified":"2016-09-06T17:19:01","modified_gmt":"2016-09-06T15:19:01","slug":"aci-de","status":"publish","type":"product","link":"https:\/\/contarini.net\/de\/produkt\/aci-de\/","title":{"rendered":"LENKS\u00c4ULE TYP ACI"},"content":{"rendered":"<p>Die Lenks\u00e4ule der Serie ACI erm\u00f6glicht die Verbindung der Hydrolenkung mit dem Steuerrad. Kegelwelle Typ 1 mit einem Kegelform-Verh\u00e4ltnis von 1:20<\/p>\n","protected":false},"excerpt":{"rendered":"<p>Die Lenks\u00e4ule der Serie ACI erm\u00f6glicht die Verbindung der Hydrolenkung mit dem Steuerrad. Kegelwelle Typ 1 mit einem Kegelform-Verh\u00e4ltnis von 1:20<\/p>\n","protected":false},"featured_media":0,"template":"","product_brand":[],"product_cat":[576],"product_tag":[],"class_list":{"0":"post-40935","1":"product","2":"type-product","3":"status-publish","5":"product_cat-hydrolenkungen-und-zubehoere","6":"odd","8":"first","9":"instock","10":"shipping-taxable","11":"product-type-simple"},"_links":{"self":[{"href":"https:\/\/contarini.net\/de\/wp-json\/wp\/v2\/product\/40935","targetHints":{"allow":["GET"]}}],"collection":[{"href":"https:\/\/contarini.net\/de\/wp-json\/wp\/v2\/product"}],"about":[{"href":"https:\/\/contarini.net\/de\/wp-json\/wp\/v2\/types\/product"}],"wp:attachment":[{"href":"https:\/\/contarini.net\/de\/wp-json\/wp\/v2\/media?parent=40935"}],"wp:term":[{"taxonomy":"product_brand","embeddable":true,"href":"https:\/\/contarini.net\/de\/wp-json\/wp\/v2\/product_brand?post=40935"},{"taxonomy":"product_cat","embeddable":true,"href":"https:\/\/contarini.net\/de\/wp-json\/wp\/v2\/product_cat?post=40935"},{"taxonomy":"product_tag","embeddable":true,"href":"https:\/\/contarini.net\/de\/wp-json\/wp\/v2\/product_tag?post=40935"}],"curies":[{"name":"wp","href":"https:\/\/api.w.org\/{rel}","templated":true}]}}