{"id":40920,"date":"2016-09-06T17:18:55","date_gmt":"2016-09-06T15:18:55","guid":{"rendered":"https:\/\/contarini.net\/de\/produkt\/bf700-de\/"},"modified":"2016-09-06T17:18:55","modified_gmt":"2016-09-06T15:18:55","slug":"bf700-de","status":"publish","type":"product","link":"https:\/\/contarini.net\/de\/produkt\/bf700-de\/","title":{"rendered":"MONOBLOCKWEGEVENTILE + RFPTYP BF700"},"content":{"rendered":"<p>Die Monoblockventile der Serie BF weisen zus\u00e4tzlich zu den bereits in den BM Modellen vorhandenen Eigenschaften am Eingang auf dem ersten Hebel einen Vorzugsstromregler auf, der eine pr\u00e4zise Einstellung des dem ersten Hebel vorbehaltenen \u00d6lflusses erm\u00f6glicht. Das \u00fcbersch\u00fcssige, vom ersten Hebel nicht verwendete \u00d6l kann von einem der nachfolgenden Hebel verwendet werden. \u2022 Robuste und zuverl\u00e4ssige Bauweise \u2022 Geringe Abmessungen \u2022 Reduziertes Gewicht \u2022 Wirtschaftlichkeit in der Herstellung Sie werden im Allgemeinen f\u00fcr den Einsatz in Anlagen mit einfachen Kreisl\u00e4ufen bevorzugt, die keine Verwendung zahlreicher Hilfsventile auf den Anwendungen erforderlich machen. Dar\u00fcber hinaus garantiert das Fehlen von Zugstangen und Zwischendichtungen h\u00f6here Zuverl\u00e4ssigkeit und weniger Wartungseingriffe. Dadurch eignet sich diese Anwendung f\u00fcr den Sektor beweglicher Maschinen.<\/p>\n","protected":false},"excerpt":{"rendered":"<p>Die Monoblockventile der Serie BF weisen zus\u00e4tzlich zu den bereits in den BM Modellen vorhandenen Eigenschaften am Eingang auf dem ersten Hebel einen Vorzugsstromregler auf, der eine pr\u00e4zise Einstellung des dem ersten Hebel vorbehaltenen \u00d6lflusses erm\u00f6glicht. Das \u00fcbersch\u00fcssige, vom ersten Hebel nicht verwendete \u00d6l kann von einem der nachfolgenden Hebel verwendet werden. \u2022 Robuste und zuverl\u00e4ssige Bauweise \u2022 Geringe Abmessungen [&hellip;]<\/p>\n","protected":false},"featured_media":0,"template":"","product_brand":[],"product_cat":[573],"product_tag":[],"class_list":{"0":"post-40920","1":"product","2":"type-product","3":"status-publish","5":"product_cat-monoblockwegeventile-vorzugsmengenteiler","6":"odd","8":"first","9":"instock","10":"shipping-taxable","11":"product-type-simple"},"_links":{"self":[{"href":"https:\/\/contarini.net\/de\/wp-json\/wp\/v2\/product\/40920","targetHints":{"allow":["GET"]}}],"collection":[{"href":"https:\/\/contarini.net\/de\/wp-json\/wp\/v2\/product"}],"about":[{"href":"https:\/\/contarini.net\/de\/wp-json\/wp\/v2\/types\/product"}],"wp:attachment":[{"href":"https:\/\/contarini.net\/de\/wp-json\/wp\/v2\/media?parent=40920"}],"wp:term":[{"taxonomy":"product_brand","embeddable":true,"href":"https:\/\/contarini.net\/de\/wp-json\/wp\/v2\/product_brand?post=40920"},{"taxonomy":"product_cat","embeddable":true,"href":"https:\/\/contarini.net\/de\/wp-json\/wp\/v2\/product_cat?post=40920"},{"taxonomy":"product_tag","embeddable":true,"href":"https:\/\/contarini.net\/de\/wp-json\/wp\/v2\/product_tag?post=40920"}],"curies":[{"name":"wp","href":"https:\/\/api.w.org\/{rel}","templated":true}]}}