{"id":40905,"date":"2016-09-06T17:18:49","date_gmt":"2016-09-06T15:18:49","guid":{"rendered":"https:\/\/contarini.net\/de\/produkt\/qe50-de\/"},"modified":"2016-09-06T17:18:50","modified_gmt":"2016-09-06T15:18:50","slug":"qe50-de","status":"publish","type":"product","link":"https:\/\/contarini.net\/de\/produkt\/qe50-de\/","title":{"rendered":"SANDWICH-WEGEVENTILE TYP QE50"},"content":{"rendered":"<p>Die in Sandwichausf\u00fchrung der Serie QS &#8211; QE bieten hohe technische Leistungen und erm\u00f6glichen es, unz\u00e4hligen Anwendungsanspr\u00fcchen nachzukommen. Das Geh\u00e4use aus Spezial-Hydraulikguss garantiert hohe Betriebsdrucke.<\/p>\n","protected":false},"excerpt":{"rendered":"<p>Die in Sandwichausf\u00fchrung der Serie QS &#8211; QE bieten hohe technische Leistungen und erm\u00f6glichen es, unz\u00e4hligen Anwendungsanspr\u00fcchen nachzukommen. Das Geh\u00e4use aus Spezial-Hydraulikguss garantiert hohe Betriebsdrucke.<\/p>\n","protected":false},"featured_media":0,"template":"","product_brand":[],"product_cat":[570],"product_tag":[],"class_list":{"0":"post-40905","1":"product","2":"type-product","3":"status-publish","5":"product_cat-monoblock-und-sandwich-wegeventile","6":"odd","8":"first","9":"instock","10":"shipping-taxable","11":"product-type-simple"},"_links":{"self":[{"href":"https:\/\/contarini.net\/de\/wp-json\/wp\/v2\/product\/40905","targetHints":{"allow":["GET"]}}],"collection":[{"href":"https:\/\/contarini.net\/de\/wp-json\/wp\/v2\/product"}],"about":[{"href":"https:\/\/contarini.net\/de\/wp-json\/wp\/v2\/types\/product"}],"wp:attachment":[{"href":"https:\/\/contarini.net\/de\/wp-json\/wp\/v2\/media?parent=40905"}],"wp:term":[{"taxonomy":"product_brand","embeddable":true,"href":"https:\/\/contarini.net\/de\/wp-json\/wp\/v2\/product_brand?post=40905"},{"taxonomy":"product_cat","embeddable":true,"href":"https:\/\/contarini.net\/de\/wp-json\/wp\/v2\/product_cat?post=40905"},{"taxonomy":"product_tag","embeddable":true,"href":"https:\/\/contarini.net\/de\/wp-json\/wp\/v2\/product_tag?post=40905"}],"curies":[{"name":"wp","href":"https:\/\/api.w.org\/{rel}","templated":true}]}}