{"id":40881,"date":"2016-09-06T17:18:41","date_gmt":"2016-09-06T15:18:41","guid":{"rendered":"https:\/\/contarini.net\/de\/produkt\/qv15-de\/"},"modified":"2016-09-06T17:18:42","modified_gmt":"2016-09-06T15:18:42","slug":"qv15-de","status":"publish","type":"product","link":"https:\/\/contarini.net\/de\/produkt\/qv15-de\/","title":{"rendered":"MONOBLOCKWEGEVENTILE TYP QV15"},"content":{"rendered":"<p>Die Monoblockwegeventile der Serie QM- QV  bieten hohe technische Leistungen und erm\u00f6glichen es, unz\u00e4hligen Anwendungsanspr\u00fcchen nachzukommen. Das Geh\u00e4use aus Spezial-Hydraulikguss garantiert hohe Betriebsdrucke.<\/p>\n","protected":false},"excerpt":{"rendered":"<p>Die Monoblockwegeventile der Serie QM- QV bieten hohe technische Leistungen und erm\u00f6glichen es, unz\u00e4hligen Anwendungsanspr\u00fcchen nachzukommen. Das Geh\u00e4use aus Spezial-Hydraulikguss garantiert hohe Betriebsdrucke.<\/p>\n","protected":false},"featured_media":0,"template":"","product_brand":[],"product_cat":[570],"product_tag":[],"class_list":{"0":"post-40881","1":"product","2":"type-product","3":"status-publish","5":"product_cat-monoblock-und-sandwich-wegeventile","6":"odd","8":"first","9":"instock","10":"shipping-taxable","11":"product-type-simple"},"_links":{"self":[{"href":"https:\/\/contarini.net\/de\/wp-json\/wp\/v2\/product\/40881","targetHints":{"allow":["GET"]}}],"collection":[{"href":"https:\/\/contarini.net\/de\/wp-json\/wp\/v2\/product"}],"about":[{"href":"https:\/\/contarini.net\/de\/wp-json\/wp\/v2\/types\/product"}],"wp:attachment":[{"href":"https:\/\/contarini.net\/de\/wp-json\/wp\/v2\/media?parent=40881"}],"wp:term":[{"taxonomy":"product_brand","embeddable":true,"href":"https:\/\/contarini.net\/de\/wp-json\/wp\/v2\/product_brand?post=40881"},{"taxonomy":"product_cat","embeddable":true,"href":"https:\/\/contarini.net\/de\/wp-json\/wp\/v2\/product_cat?post=40881"},{"taxonomy":"product_tag","embeddable":true,"href":"https:\/\/contarini.net\/de\/wp-json\/wp\/v2\/product_tag?post=40881"}],"curies":[{"name":"wp","href":"https:\/\/api.w.org\/{rel}","templated":true}]}}