{"id":40872,"date":"2016-09-06T17:18:27","date_gmt":"2016-09-06T15:18:27","guid":{"rendered":"https:\/\/contarini.net\/de\/produkt\/mfe-e4-de\/"},"modified":"2016-09-06T17:18:28","modified_gmt":"2016-09-06T15:18:28","slug":"mfe-e4-de","status":"publish","type":"product","link":"https:\/\/contarini.net\/de\/produkt\/mfe-e4-de\/","title":{"rendered":"ERGONOMISCHER GRIFF TYP MFE-E4"},"content":{"rendered":"<p>Der gerade Griff der Serie MFE-E4 verf\u00fcgt \u00fcber 4 Trennschalter, zum Anw\u00e4hlen und Steuern mehrerer Magnetventile. Er wird normalerweise an einem manuellen Verteiler, der als Steuerung \/ Versorgung aller Magnetventile, die ihrerseits von den Schaltern an den Griffen gesteuert werden, montiert. Seine ergonomische Form sorgt f\u00fcr eine gute und sichere Griffigkeit.<\/p>\n","protected":false},"excerpt":{"rendered":"<p>Der gerade Griff der Serie MFE-E4 verf\u00fcgt \u00fcber 4 Trennschalter, zum Anw\u00e4hlen und Steuern mehrerer Magnetventile. Er wird normalerweise an einem manuellen Verteiler, der als Steuerung \/ Versorgung aller Magnetventile, die ihrerseits von den Schaltern an den Griffen gesteuert werden, montiert. Seine ergonomische Form sorgt f\u00fcr eine gute und sichere Griffigkeit.<\/p>\n","protected":false},"featured_media":0,"template":"","product_brand":[],"product_cat":[567],"product_tag":[],"class_list":{"0":"post-40872","1":"product","2":"type-product","3":"status-publish","5":"product_cat-elektrowegeventile-und-platten","6":"odd","8":"first","9":"instock","10":"shipping-taxable","11":"product-type-simple"},"_links":{"self":[{"href":"https:\/\/contarini.net\/de\/wp-json\/wp\/v2\/product\/40872","targetHints":{"allow":["GET"]}}],"collection":[{"href":"https:\/\/contarini.net\/de\/wp-json\/wp\/v2\/product"}],"about":[{"href":"https:\/\/contarini.net\/de\/wp-json\/wp\/v2\/types\/product"}],"wp:attachment":[{"href":"https:\/\/contarini.net\/de\/wp-json\/wp\/v2\/media?parent=40872"}],"wp:term":[{"taxonomy":"product_brand","embeddable":true,"href":"https:\/\/contarini.net\/de\/wp-json\/wp\/v2\/product_brand?post=40872"},{"taxonomy":"product_cat","embeddable":true,"href":"https:\/\/contarini.net\/de\/wp-json\/wp\/v2\/product_cat?post=40872"},{"taxonomy":"product_tag","embeddable":true,"href":"https:\/\/contarini.net\/de\/wp-json\/wp\/v2\/product_tag?post=40872"}],"curies":[{"name":"wp","href":"https:\/\/api.w.org\/{rel}","templated":true}]}}