{"id":40863,"date":"2016-09-06T17:18:21","date_gmt":"2016-09-06T15:18:21","guid":{"rendered":"https:\/\/contarini.net\/de\/produkt\/mfe-e1-de\/"},"modified":"2016-09-06T17:18:22","modified_gmt":"2016-09-06T15:18:22","slug":"mfe-e1-de","status":"publish","type":"product","link":"https:\/\/contarini.net\/de\/produkt\/mfe-e1-de\/","title":{"rendered":"ERGONOMISCHER GRIFF TYP MFE-E1"},"content":{"rendered":"<p>Der gerade Griff der Serie MFE-E1 verf\u00fcgt \u00fcber einen Trennschalter, zum Anw\u00e4hlen und Steuern des Magnetventils. Er wird normalerweise an einem manuellen Verteiler, der als Steuerung \/ Versorgung aller Magnetventile, die ihrerseits von den Schaltern an den Griffen gesteuert werden, montiert. Seine ergonomische Form sorgt f\u00fcr eine gute und sichere Griffigkeit.<\/p>\n","protected":false},"excerpt":{"rendered":"<p>Der gerade Griff der Serie MFE-E1 verf\u00fcgt \u00fcber einen Trennschalter, zum Anw\u00e4hlen und Steuern des Magnetventils. Er wird normalerweise an einem manuellen Verteiler, der als Steuerung \/ Versorgung aller Magnetventile, die ihrerseits von den Schaltern an den Griffen gesteuert werden, montiert. Seine ergonomische Form sorgt f\u00fcr eine gute und sichere Griffigkeit.<\/p>\n","protected":false},"featured_media":0,"template":"","product_brand":[],"product_cat":[567],"product_tag":[],"class_list":{"0":"post-40863","1":"product","2":"type-product","3":"status-publish","5":"product_cat-elektrowegeventile-und-platten","6":"odd","8":"first","9":"instock","10":"shipping-taxable","11":"product-type-simple"},"_links":{"self":[{"href":"https:\/\/contarini.net\/de\/wp-json\/wp\/v2\/product\/40863","targetHints":{"allow":["GET"]}}],"collection":[{"href":"https:\/\/contarini.net\/de\/wp-json\/wp\/v2\/product"}],"about":[{"href":"https:\/\/contarini.net\/de\/wp-json\/wp\/v2\/types\/product"}],"wp:attachment":[{"href":"https:\/\/contarini.net\/de\/wp-json\/wp\/v2\/media?parent=40863"}],"wp:term":[{"taxonomy":"product_brand","embeddable":true,"href":"https:\/\/contarini.net\/de\/wp-json\/wp\/v2\/product_brand?post=40863"},{"taxonomy":"product_cat","embeddable":true,"href":"https:\/\/contarini.net\/de\/wp-json\/wp\/v2\/product_cat?post=40863"},{"taxonomy":"product_tag","embeddable":true,"href":"https:\/\/contarini.net\/de\/wp-json\/wp\/v2\/product_tag?post=40863"}],"curies":[{"name":"wp","href":"https:\/\/api.w.org\/{rel}","templated":true}]}}