{"id":40857,"date":"2016-09-06T17:18:17","date_gmt":"2016-09-06T15:18:17","guid":{"rendered":"https:\/\/contarini.net\/de\/produkt\/vs-281f-de\/"},"modified":"2016-09-06T17:18:18","modified_gmt":"2016-09-06T15:18:18","slug":"vs-281f-de","status":"publish","type":"product","link":"https:\/\/contarini.net\/de\/produkt\/vs-281f-de\/","title":{"rendered":"MAGNETWECHSELVENTILE ( SANDWICH-AUSF\u00dcHRUNG ) TYP VS 281\/F"},"content":{"rendered":"<p>Das Magnetwechselventil der Serie VS281\/F erm\u00f6glicht die elektrische Umschaltung des \u00d6lflusses. Die Bearbeitungen auf dem Geh\u00e4use erm\u00f6glichen eine modulare Montage, um die Wegeanzahl bis auf maximal 14 Wege (5 Elemente) zu erh\u00f6hen. Die Verbindung erfolgt unter Verwendung von eigens daf\u00fcr vorgesehenen, nicht im LieferumGebl\u00e4seg enthaltenen Zugstangen.<\/p>\n","protected":false},"excerpt":{"rendered":"<p>Das Magnetwechselventil der Serie VS281\/F erm\u00f6glicht die elektrische Umschaltung des \u00d6lflusses. Die Bearbeitungen auf dem Geh\u00e4use erm\u00f6glichen eine modulare Montage, um die Wegeanzahl bis auf maximal 14 Wege (5 Elemente) zu erh\u00f6hen. Die Verbindung erfolgt unter Verwendung von eigens daf\u00fcr vorgesehenen, nicht im LieferumGebl\u00e4seg enthaltenen Zugstangen.<\/p>\n","protected":false},"featured_media":0,"template":"","product_brand":[],"product_cat":[567],"product_tag":[],"class_list":{"0":"post-40857","1":"product","2":"type-product","3":"status-publish","5":"product_cat-elektrowegeventile-und-platten","6":"odd","8":"first","9":"instock","10":"shipping-taxable","11":"product-type-simple"},"_links":{"self":[{"href":"https:\/\/contarini.net\/de\/wp-json\/wp\/v2\/product\/40857","targetHints":{"allow":["GET"]}}],"collection":[{"href":"https:\/\/contarini.net\/de\/wp-json\/wp\/v2\/product"}],"about":[{"href":"https:\/\/contarini.net\/de\/wp-json\/wp\/v2\/types\/product"}],"wp:attachment":[{"href":"https:\/\/contarini.net\/de\/wp-json\/wp\/v2\/media?parent=40857"}],"wp:term":[{"taxonomy":"product_brand","embeddable":true,"href":"https:\/\/contarini.net\/de\/wp-json\/wp\/v2\/product_brand?post=40857"},{"taxonomy":"product_cat","embeddable":true,"href":"https:\/\/contarini.net\/de\/wp-json\/wp\/v2\/product_cat?post=40857"},{"taxonomy":"product_tag","embeddable":true,"href":"https:\/\/contarini.net\/de\/wp-json\/wp\/v2\/product_tag?post=40857"}],"curies":[{"name":"wp","href":"https:\/\/api.w.org\/{rel}","templated":true}]}}