{"id":40842,"date":"2016-09-06T17:18:09","date_gmt":"2016-09-06T15:18:09","guid":{"rendered":"https:\/\/contarini.net\/de\/produkt\/es3-b-de\/"},"modified":"2016-09-06T17:18:09","modified_gmt":"2016-09-06T15:18:09","slug":"es3-b-de","status":"publish","type":"product","link":"https:\/\/contarini.net\/de\/produkt\/es3-b-de\/","title":{"rendered":"GRUNDPLATTEN F\u00dcR MAGNETWEGEVENTILE MIT DBV TYP ES3-B"},"content":{"rendered":"<p>Die Montageplatte f\u00fcr Magnetventile mit eingebautem Druckbegrenzungsventil der Serie ES3-B erm\u00f6glicht die Montage eines CETOP 3-Magnetventils, wobei die Verwendung der Anwendungen A und B seitlich und P und T hinten vorgesehen ist.<\/p>\n","protected":false},"excerpt":{"rendered":"<p>Die Montageplatte f\u00fcr Magnetventile mit eingebautem Druckbegrenzungsventil der Serie ES3-B erm\u00f6glicht die Montage eines CETOP 3-Magnetventils, wobei die Verwendung der Anwendungen A und B seitlich und P und T hinten vorgesehen ist.<\/p>\n","protected":false},"featured_media":0,"template":"","product_brand":[],"product_cat":[567],"product_tag":[],"class_list":{"0":"post-40842","1":"product","2":"type-product","3":"status-publish","5":"product_cat-elektrowegeventile-und-platten","6":"odd","8":"first","9":"instock","10":"shipping-taxable","11":"product-type-simple"},"_links":{"self":[{"href":"https:\/\/contarini.net\/de\/wp-json\/wp\/v2\/product\/40842","targetHints":{"allow":["GET"]}}],"collection":[{"href":"https:\/\/contarini.net\/de\/wp-json\/wp\/v2\/product"}],"about":[{"href":"https:\/\/contarini.net\/de\/wp-json\/wp\/v2\/types\/product"}],"wp:attachment":[{"href":"https:\/\/contarini.net\/de\/wp-json\/wp\/v2\/media?parent=40842"}],"wp:term":[{"taxonomy":"product_brand","embeddable":true,"href":"https:\/\/contarini.net\/de\/wp-json\/wp\/v2\/product_brand?post=40842"},{"taxonomy":"product_cat","embeddable":true,"href":"https:\/\/contarini.net\/de\/wp-json\/wp\/v2\/product_cat?post=40842"},{"taxonomy":"product_tag","embeddable":true,"href":"https:\/\/contarini.net\/de\/wp-json\/wp\/v2\/product_tag?post=40842"}],"curies":[{"name":"wp","href":"https:\/\/api.w.org\/{rel}","templated":true}]}}