{"id":40839,"date":"2016-09-06T17:18:07","date_gmt":"2016-09-06T15:18:07","guid":{"rendered":"https:\/\/contarini.net\/de\/produkt\/es5-a-p-de\/"},"modified":"2016-09-06T17:18:07","modified_gmt":"2016-09-06T15:18:07","slug":"es5-a-p-de","status":"publish","type":"product","link":"https:\/\/contarini.net\/de\/produkt\/es5-a-p-de\/","title":{"rendered":"GRUNDPLATTEN F\u00dcR MAGNETWEGEVENTILE OHNE DBV TYP ES5-A-P"},"content":{"rendered":"<p>Die Montageplatten f\u00fcr Magnetventile ohne VMP der Serie ES5-D-PL erm\u00f6glichen die Montage eines CETOP 5-Magnetventils, wobei die Verwendung der Anwendungen A und B seitlich und P und T hinten vorgesehen ist. Bei der Serie ES5-A-P sind hingegen A-B-P-T alle hinten vorgesehen.<\/p>\n","protected":false},"excerpt":{"rendered":"<p>Die Montageplatten f\u00fcr Magnetventile ohne VMP der Serie ES5-D-PL erm\u00f6glichen die Montage eines CETOP 5-Magnetventils, wobei die Verwendung der Anwendungen A und B seitlich und P und T hinten vorgesehen ist. Bei der Serie ES5-A-P sind hingegen A-B-P-T alle hinten vorgesehen.<\/p>\n","protected":false},"featured_media":0,"template":"","product_brand":[],"product_cat":[567],"product_tag":[],"class_list":{"0":"post-40839","1":"product","2":"type-product","3":"status-publish","5":"product_cat-elektrowegeventile-und-platten","6":"odd","8":"first","9":"instock","10":"shipping-taxable","11":"product-type-simple"},"_links":{"self":[{"href":"https:\/\/contarini.net\/de\/wp-json\/wp\/v2\/product\/40839","targetHints":{"allow":["GET"]}}],"collection":[{"href":"https:\/\/contarini.net\/de\/wp-json\/wp\/v2\/product"}],"about":[{"href":"https:\/\/contarini.net\/de\/wp-json\/wp\/v2\/types\/product"}],"wp:attachment":[{"href":"https:\/\/contarini.net\/de\/wp-json\/wp\/v2\/media?parent=40839"}],"wp:term":[{"taxonomy":"product_brand","embeddable":true,"href":"https:\/\/contarini.net\/de\/wp-json\/wp\/v2\/product_brand?post=40839"},{"taxonomy":"product_cat","embeddable":true,"href":"https:\/\/contarini.net\/de\/wp-json\/wp\/v2\/product_cat?post=40839"},{"taxonomy":"product_tag","embeddable":true,"href":"https:\/\/contarini.net\/de\/wp-json\/wp\/v2\/product_tag?post=40839"}],"curies":[{"name":"wp","href":"https:\/\/api.w.org\/{rel}","templated":true}]}}