{"id":40812,"date":"2016-09-06T17:17:52","date_gmt":"2016-09-06T15:17:53","guid":{"rendered":"https:\/\/contarini.net\/de\/produkt\/idf8-a-de\/"},"modified":"2016-09-06T17:17:53","modified_gmt":"2016-09-06T15:17:53","slug":"idf8-a-de","status":"publish","type":"product","link":"https:\/\/contarini.net\/de\/produkt\/idf8-a-de\/","title":{"rendered":"8-WEGE UMSCHALTHAHN &#8211; OFFENE RUHESTELLUNGTYP BIDF8-A"},"content":{"rendered":"<p>Die 8-Wege-Umschalth\u00e4hne mit offener Ruhestellung der Serie BIDF8-A werden wie einfache Wegeventile verwendet, um doppelwirkende Stellantriebe anzutreiben. Nur ein Hebel, bet\u00e4tigt \u00fcber eine mechanische Verbindung zwei Sektionen gleichzeitig. Diese besondere Konfiguration ist auch f\u00fcr den Antrieb zweier doppelwirkender Stellantriebe geeignet. Schema mit offener Mittelstellung.<\/p>\n","protected":false},"excerpt":{"rendered":"<p>Die 8-Wege-Umschalth\u00e4hne mit offener Ruhestellung der Serie BIDF8-A werden wie einfache Wegeventile verwendet, um doppelwirkende Stellantriebe anzutreiben. Nur ein Hebel, bet\u00e4tigt \u00fcber eine mechanische Verbindung zwei Sektionen gleichzeitig. Diese besondere Konfiguration ist auch f\u00fcr den Antrieb zweier doppelwirkender Stellantriebe geeignet. Schema mit offener Mittelstellung.<\/p>\n","protected":false},"featured_media":0,"template":"","product_brand":[],"product_cat":[564],"product_tag":[],"class_list":{"0":"post-40812","1":"product","2":"type-product","3":"status-publish","5":"product_cat-hydraulikwegeventile","6":"odd","8":"first","9":"instock","10":"shipping-taxable","11":"product-type-simple"},"_links":{"self":[{"href":"https:\/\/contarini.net\/de\/wp-json\/wp\/v2\/product\/40812","targetHints":{"allow":["GET"]}}],"collection":[{"href":"https:\/\/contarini.net\/de\/wp-json\/wp\/v2\/product"}],"about":[{"href":"https:\/\/contarini.net\/de\/wp-json\/wp\/v2\/types\/product"}],"wp:attachment":[{"href":"https:\/\/contarini.net\/de\/wp-json\/wp\/v2\/media?parent=40812"}],"wp:term":[{"taxonomy":"product_brand","embeddable":true,"href":"https:\/\/contarini.net\/de\/wp-json\/wp\/v2\/product_brand?post=40812"},{"taxonomy":"product_cat","embeddable":true,"href":"https:\/\/contarini.net\/de\/wp-json\/wp\/v2\/product_cat?post=40812"},{"taxonomy":"product_tag","embeddable":true,"href":"https:\/\/contarini.net\/de\/wp-json\/wp\/v2\/product_tag?post=40812"}],"curies":[{"name":"wp","href":"https:\/\/api.w.org\/{rel}","templated":true}]}}