{"id":40797,"date":"2016-09-06T17:17:46","date_gmt":"2016-09-06T15:17:46","guid":{"rendered":"https:\/\/contarini.net\/de\/produkt\/ddf3-ap-c-de\/"},"modified":"2016-09-06T17:17:46","modified_gmt":"2016-09-06T15:17:46","slug":"ddf3-ap-c-de","status":"publish","type":"product","link":"https:\/\/contarini.net\/de\/produkt\/ddf3-ap-c-de\/","title":{"rendered":"3-WEGE UMSCHALTHAHN&#8220;AP..C&#8220; &#8211; GESCHLOSSENE RUHESTELLUNG &#8211; HOCHDRUCK TYP DDF AP..C"},"content":{"rendered":"<p>Die 3-Wege-Umschalth\u00e4hne mit geschlossener Mittelstellung der Serie DDF3-AP..C werden verwendet, um den Fluss zu zwei Anwendungen an- oder auszuschlie\u00dfen, wobei nur eine Versorgung verwendet wird. Diese besondere Konfiguration ist auch f\u00fcr den Antrieb eines einfachwirkenden Stellantriebs geeignet. Schema mit geschlossener Mittelstellung. Geeignet f\u00fcr hohe Drucke.<\/p>\n","protected":false},"excerpt":{"rendered":"<p>Die 3-Wege-Umschalth\u00e4hne mit geschlossener Mittelstellung der Serie DDF3-AP..C werden verwendet, um den Fluss zu zwei Anwendungen an- oder auszuschlie\u00dfen, wobei nur eine Versorgung verwendet wird. Diese besondere Konfiguration ist auch f\u00fcr den Antrieb eines einfachwirkenden Stellantriebs geeignet. Schema mit geschlossener Mittelstellung. Geeignet f\u00fcr hohe Drucke.<\/p>\n","protected":false},"featured_media":0,"template":"","product_brand":[],"product_cat":[564],"product_tag":[],"class_list":{"0":"post-40797","1":"product","2":"type-product","3":"status-publish","5":"product_cat-hydraulikwegeventile","6":"odd","8":"first","9":"instock","10":"shipping-taxable","11":"product-type-simple"},"_links":{"self":[{"href":"https:\/\/contarini.net\/de\/wp-json\/wp\/v2\/product\/40797","targetHints":{"allow":["GET"]}}],"collection":[{"href":"https:\/\/contarini.net\/de\/wp-json\/wp\/v2\/product"}],"about":[{"href":"https:\/\/contarini.net\/de\/wp-json\/wp\/v2\/types\/product"}],"wp:attachment":[{"href":"https:\/\/contarini.net\/de\/wp-json\/wp\/v2\/media?parent=40797"}],"wp:term":[{"taxonomy":"product_brand","embeddable":true,"href":"https:\/\/contarini.net\/de\/wp-json\/wp\/v2\/product_brand?post=40797"},{"taxonomy":"product_cat","embeddable":true,"href":"https:\/\/contarini.net\/de\/wp-json\/wp\/v2\/product_cat?post=40797"},{"taxonomy":"product_tag","embeddable":true,"href":"https:\/\/contarini.net\/de\/wp-json\/wp\/v2\/product_tag?post=40797"}],"curies":[{"name":"wp","href":"https:\/\/api.w.org\/{rel}","templated":true}]}}