{"id":40794,"date":"2016-09-06T17:17:44","date_gmt":"2016-09-06T15:17:44","guid":{"rendered":"https:\/\/contarini.net\/de\/produkt\/ddf3-ap-a-de\/"},"modified":"2016-09-06T17:17:45","modified_gmt":"2016-09-06T15:17:45","slug":"ddf3-ap-a-de","status":"publish","type":"product","link":"https:\/\/contarini.net\/de\/produkt\/ddf3-ap-a-de\/","title":{"rendered":"3-WEGE UMSCHALTHAHN &#8222;AP..A&#8220; &#8211; OFFENE RUHESTELLUNG &#8211; HOCHDRUCK TYP DDF3 AP..A"},"content":{"rendered":"<p>Die 3-Wege-Umschalth\u00e4hne mit offener Mittelstellung der Serie DDF3-AP..A werden verwendet, um den Fluss zu zwei Anwendungen an- oder auszuschlie\u00dfen, wobei nur eine Versorgung verwendet wird. Diese besondere Konfiguration ist auch f\u00fcr den Antrieb eines einfachwirkenden Stellantriebs geeignet. Schema mit offener Mittelstellung. Geeignet f\u00fcr hohe Drucke.<\/p>\n","protected":false},"excerpt":{"rendered":"<p>Die 3-Wege-Umschalth\u00e4hne mit offener Mittelstellung der Serie DDF3-AP..A werden verwendet, um den Fluss zu zwei Anwendungen an- oder auszuschlie\u00dfen, wobei nur eine Versorgung verwendet wird. Diese besondere Konfiguration ist auch f\u00fcr den Antrieb eines einfachwirkenden Stellantriebs geeignet. Schema mit offener Mittelstellung. Geeignet f\u00fcr hohe Drucke.<\/p>\n","protected":false},"featured_media":0,"template":"","product_brand":[],"product_cat":[564],"product_tag":[],"class_list":{"0":"post-40794","1":"product","2":"type-product","3":"status-publish","5":"product_cat-hydraulikwegeventile","6":"odd","8":"first","9":"instock","10":"shipping-taxable","11":"product-type-simple"},"_links":{"self":[{"href":"https:\/\/contarini.net\/de\/wp-json\/wp\/v2\/product\/40794","targetHints":{"allow":["GET"]}}],"collection":[{"href":"https:\/\/contarini.net\/de\/wp-json\/wp\/v2\/product"}],"about":[{"href":"https:\/\/contarini.net\/de\/wp-json\/wp\/v2\/types\/product"}],"wp:attachment":[{"href":"https:\/\/contarini.net\/de\/wp-json\/wp\/v2\/media?parent=40794"}],"wp:term":[{"taxonomy":"product_brand","embeddable":true,"href":"https:\/\/contarini.net\/de\/wp-json\/wp\/v2\/product_brand?post=40794"},{"taxonomy":"product_cat","embeddable":true,"href":"https:\/\/contarini.net\/de\/wp-json\/wp\/v2\/product_cat?post=40794"},{"taxonomy":"product_tag","embeddable":true,"href":"https:\/\/contarini.net\/de\/wp-json\/wp\/v2\/product_tag?post=40794"}],"curies":[{"name":"wp","href":"https:\/\/api.w.org\/{rel}","templated":true}]}}