{"id":40785,"date":"2016-09-06T17:17:41","date_gmt":"2016-09-06T15:17:41","guid":{"rendered":"https:\/\/contarini.net\/de\/produkt\/rs3t-de\/"},"modified":"2016-09-06T17:17:41","modified_gmt":"2016-09-06T15:17:41","slug":"rs3t-de","status":"publish","type":"product","link":"https:\/\/contarini.net\/de\/produkt\/rs3t-de\/","title":{"rendered":"3-WEGE KUGELHAHN &#8211; OFFENE RUHESTELLUNG TYP RS3\/T"},"content":{"rendered":"<p>Der 3-Wege-Kugelhahn der Serie RS 2\/T wird auf der Leitung als Hahn zum \u00d6ffnen\/Schlie\u00dfen des \u00d6lflusses verwendet. Dieser Hahn schaltet das \u00d6l gem\u00e4\u00df dem Schema T um.<\/p>\n","protected":false},"excerpt":{"rendered":"<p>Der 3-Wege-Kugelhahn der Serie RS 2\/T wird auf der Leitung als Hahn zum \u00d6ffnen\/Schlie\u00dfen des \u00d6lflusses verwendet. Dieser Hahn schaltet das \u00d6l gem\u00e4\u00df dem Schema T um.<\/p>\n","protected":false},"featured_media":0,"template":"","product_brand":[],"product_cat":[564],"product_tag":[],"class_list":{"0":"post-40785","1":"product","2":"type-product","3":"status-publish","5":"product_cat-hydraulikwegeventile","6":"odd","8":"first","9":"instock","10":"shipping-taxable","11":"product-type-simple"},"_links":{"self":[{"href":"https:\/\/contarini.net\/de\/wp-json\/wp\/v2\/product\/40785","targetHints":{"allow":["GET"]}}],"collection":[{"href":"https:\/\/contarini.net\/de\/wp-json\/wp\/v2\/product"}],"about":[{"href":"https:\/\/contarini.net\/de\/wp-json\/wp\/v2\/types\/product"}],"wp:attachment":[{"href":"https:\/\/contarini.net\/de\/wp-json\/wp\/v2\/media?parent=40785"}],"wp:term":[{"taxonomy":"product_brand","embeddable":true,"href":"https:\/\/contarini.net\/de\/wp-json\/wp\/v2\/product_brand?post=40785"},{"taxonomy":"product_cat","embeddable":true,"href":"https:\/\/contarini.net\/de\/wp-json\/wp\/v2\/product_cat?post=40785"},{"taxonomy":"product_tag","embeddable":true,"href":"https:\/\/contarini.net\/de\/wp-json\/wp\/v2\/product_tag?post=40785"}],"curies":[{"name":"wp","href":"https:\/\/api.w.org\/{rel}","templated":true}]}}