{"id":40782,"date":"2016-09-06T17:17:40","date_gmt":"2016-09-06T15:17:40","guid":{"rendered":"https:\/\/contarini.net\/de\/produkt\/rs3l-de\/"},"modified":"2016-09-06T17:17:40","modified_gmt":"2016-09-06T15:17:40","slug":"rs3l-de","status":"publish","type":"product","link":"https:\/\/contarini.net\/de\/produkt\/rs3l-de\/","title":{"rendered":"3-WEGE KUGELHAHN &#8211; GESCHLOSSENE RUHESTELLUNG TYP RS3\/L"},"content":{"rendered":"<p>Der 3-Wege-Kugelhahn der Serie RS 2\/L wird auf der Leitung als Hahn zum \u00d6ffnen\/Schlie\u00dfen des \u00d6lflusses verwendet. Dieser Hahn schaltet das \u00d6l gem\u00e4\u00df dem Schema L um.<\/p>\n","protected":false},"excerpt":{"rendered":"<p>Der 3-Wege-Kugelhahn der Serie RS 2\/L wird auf der Leitung als Hahn zum \u00d6ffnen\/Schlie\u00dfen des \u00d6lflusses verwendet. Dieser Hahn schaltet das \u00d6l gem\u00e4\u00df dem Schema L um.<\/p>\n","protected":false},"featured_media":0,"template":"","product_brand":[],"product_cat":[564],"product_tag":[],"class_list":{"0":"post-40782","1":"product","2":"type-product","3":"status-publish","5":"product_cat-hydraulikwegeventile","6":"odd","8":"first","9":"instock","10":"shipping-taxable","11":"product-type-simple"},"_links":{"self":[{"href":"https:\/\/contarini.net\/de\/wp-json\/wp\/v2\/product\/40782","targetHints":{"allow":["GET"]}}],"collection":[{"href":"https:\/\/contarini.net\/de\/wp-json\/wp\/v2\/product"}],"about":[{"href":"https:\/\/contarini.net\/de\/wp-json\/wp\/v2\/types\/product"}],"wp:attachment":[{"href":"https:\/\/contarini.net\/de\/wp-json\/wp\/v2\/media?parent=40782"}],"wp:term":[{"taxonomy":"product_brand","embeddable":true,"href":"https:\/\/contarini.net\/de\/wp-json\/wp\/v2\/product_brand?post=40782"},{"taxonomy":"product_cat","embeddable":true,"href":"https:\/\/contarini.net\/de\/wp-json\/wp\/v2\/product_cat?post=40782"},{"taxonomy":"product_tag","embeddable":true,"href":"https:\/\/contarini.net\/de\/wp-json\/wp\/v2\/product_tag?post=40782"}],"curies":[{"name":"wp","href":"https:\/\/api.w.org\/{rel}","templated":true}]}}