{"id":40779,"date":"2016-09-06T17:17:38","date_gmt":"2016-09-06T15:17:38","guid":{"rendered":"https:\/\/contarini.net\/de\/produkt\/rsd2-de\/"},"modified":"2016-09-06T17:17:39","modified_gmt":"2016-09-06T15:17:39","slug":"rsd2-de","status":"publish","type":"product","link":"https:\/\/contarini.net\/de\/produkt\/rsd2-de\/","title":{"rendered":"2-WEGE KUGELHAHN &#8211; DIN 2353TYP RSD2"},"content":{"rendered":"<p>Der 2-Wege-Kugelhahn der Serie RSD 2 wird als Hahn zum \u00d6ffnen\/Schlie\u00dfen des \u00d6lflusses in die Leitung eingebaut. Anschl\u00fcsse: DIN 2353 (Muttern und Eintrittskegel nicht inbegriffen)<\/p>\n","protected":false},"excerpt":{"rendered":"<p>Der 2-Wege-Kugelhahn der Serie RSD 2 wird als Hahn zum \u00d6ffnen\/Schlie\u00dfen des \u00d6lflusses in die Leitung eingebaut. Anschl\u00fcsse: DIN 2353 (Muttern und Eintrittskegel nicht inbegriffen)<\/p>\n","protected":false},"featured_media":0,"template":"","product_brand":[],"product_cat":[564],"product_tag":[],"class_list":{"0":"post-40779","1":"product","2":"type-product","3":"status-publish","5":"product_cat-hydraulikwegeventile","6":"odd","8":"first","9":"instock","10":"shipping-taxable","11":"product-type-simple"},"_links":{"self":[{"href":"https:\/\/contarini.net\/de\/wp-json\/wp\/v2\/product\/40779","targetHints":{"allow":["GET"]}}],"collection":[{"href":"https:\/\/contarini.net\/de\/wp-json\/wp\/v2\/product"}],"about":[{"href":"https:\/\/contarini.net\/de\/wp-json\/wp\/v2\/types\/product"}],"wp:attachment":[{"href":"https:\/\/contarini.net\/de\/wp-json\/wp\/v2\/media?parent=40779"}],"wp:term":[{"taxonomy":"product_brand","embeddable":true,"href":"https:\/\/contarini.net\/de\/wp-json\/wp\/v2\/product_brand?post=40779"},{"taxonomy":"product_cat","embeddable":true,"href":"https:\/\/contarini.net\/de\/wp-json\/wp\/v2\/product_cat?post=40779"},{"taxonomy":"product_tag","embeddable":true,"href":"https:\/\/contarini.net\/de\/wp-json\/wp\/v2\/product_tag?post=40779"}],"curies":[{"name":"wp","href":"https:\/\/api.w.org\/{rel}","templated":true}]}}