{"id":40773,"date":"2016-09-06T17:17:35","date_gmt":"2016-09-06T15:17:35","guid":{"rendered":"https:\/\/contarini.net\/de\/produkt\/vrsp-de\/"},"modified":"2016-09-06T17:17:36","modified_gmt":"2016-09-06T15:17:36","slug":"vrsp-de","status":"publish","type":"product","link":"https:\/\/contarini.net\/de\/produkt\/vrsp-de\/","title":{"rendered":"REGENERATIVES VENTIL TYP VRSP"},"content":{"rendered":"<p>Das R\u00fcckf\u00fchrventil der Serie VRSP erm\u00f6glicht das Auffangen des \u00d6ls, das vom Schaft an C1 ankommt und dessen Weiterleitung an den Zylinderkopf \u00fcber die \u00d6ffnung P, wodurch es der Pumpe zugef\u00fchrt wird. Wenn der Druck im Zylinderkopf den Eichwert erreicht, wird das vom Schaft kommende \u00d6l \u00fcber die \u00d6ffnung V1 in den Tank geleitet, wodurch ein nicht regeneratives System mit maximalem Schub wiederhergestellt wird. Der Sperrdruck des R\u00fcckf\u00fchrventils h\u00e4ngt ausschlie\u00dflich vom Druck im Zylinderkopf ab.<\/p>\n","protected":false},"excerpt":{"rendered":"<p>Das R\u00fcckf\u00fchrventil der Serie VRSP erm\u00f6glicht das Auffangen des \u00d6ls, das vom Schaft an C1 ankommt und dessen Weiterleitung an den Zylinderkopf \u00fcber die \u00d6ffnung P, wodurch es der Pumpe zugef\u00fchrt wird. Wenn der Druck im Zylinderkopf den Eichwert erreicht, wird das vom Schaft kommende \u00d6l \u00fcber die \u00d6ffnung V1 in den Tank geleitet, wodurch ein nicht regeneratives System mit [&hellip;]<\/p>\n","protected":false},"featured_media":0,"template":"","product_brand":[],"product_cat":[561],"product_tag":[],"class_list":{"0":"post-40773","1":"product","2":"type-product","3":"status-publish","5":"product_cat-verschiendene-hydraulikventile","6":"odd","8":"first","9":"instock","10":"shipping-taxable","11":"product-type-simple"},"_links":{"self":[{"href":"https:\/\/contarini.net\/de\/wp-json\/wp\/v2\/product\/40773","targetHints":{"allow":["GET"]}}],"collection":[{"href":"https:\/\/contarini.net\/de\/wp-json\/wp\/v2\/product"}],"about":[{"href":"https:\/\/contarini.net\/de\/wp-json\/wp\/v2\/types\/product"}],"wp:attachment":[{"href":"https:\/\/contarini.net\/de\/wp-json\/wp\/v2\/media?parent=40773"}],"wp:term":[{"taxonomy":"product_brand","embeddable":true,"href":"https:\/\/contarini.net\/de\/wp-json\/wp\/v2\/product_brand?post=40773"},{"taxonomy":"product_cat","embeddable":true,"href":"https:\/\/contarini.net\/de\/wp-json\/wp\/v2\/product_cat?post=40773"},{"taxonomy":"product_tag","embeddable":true,"href":"https:\/\/contarini.net\/de\/wp-json\/wp\/v2\/product_tag?post=40773"}],"curies":[{"name":"wp","href":"https:\/\/api.w.org\/{rel}","templated":true}]}}