{"id":40761,"date":"2016-09-06T17:17:31","date_gmt":"2016-09-06T15:17:31","guid":{"rendered":"https:\/\/contarini.net\/de\/produkt\/vrap-de-de\/"},"modified":"2016-09-06T17:17:32","modified_gmt":"2016-09-06T15:17:32","slug":"vrap-de-de","status":"publish","type":"product","link":"https:\/\/contarini.net\/de\/produkt\/vrap-de-de\/","title":{"rendered":"PFLUGWENDEVENTIL TYP VRAP DE"},"content":{"rendered":"<p>Das doppelwirkende Pflugwendeventil der Serie VRAP DE wird auf Zylindern f\u00fcr Wendepfl\u00fcge angewendet, um die automatische Wendung des \u00d6lflusses und damit der Bewegung des Hydraulikzylinders zu erhalten, die den Pflug in Rotation versetzen kann. Es ist mit einem doppelwirkenden Sperrventil ausgestattet, das gr\u00f6\u00dfere Sicherheit liefert und die M\u00f6glichkeit gibt, den Zylinder in jeder Position zu sperren. Das Wenden der Kolbenstange des Zylinders wird \u00fcber ein Druckbegrenzungsventil exakt im Totpunkt des Pflugs durchgef\u00fchrt, wodurch h\u00f6here Leistungen und Geschwindigkeiten hervorgerufen werden. Dieses Ventil kann mit Zylindern mit den folgenden Innendurchmessern auch auf gro\u00dfen und aus dem Gleichgewicht gekommenen Pfl\u00fcgen montiert werden: 40\/50, 60\/80, 80\/100, 100\/110 und 110\/130 mm.<\/p>\n","protected":false},"excerpt":{"rendered":"<p>Das doppelwirkende Pflugwendeventil der Serie VRAP DE wird auf Zylindern f\u00fcr Wendepfl\u00fcge angewendet, um die automatische Wendung des \u00d6lflusses und damit der Bewegung des Hydraulikzylinders zu erhalten, die den Pflug in Rotation versetzen kann. Es ist mit einem doppelwirkenden Sperrventil ausgestattet, das gr\u00f6\u00dfere Sicherheit liefert und die M\u00f6glichkeit gibt, den Zylinder in jeder Position zu sperren. Das Wenden der Kolbenstange [&hellip;]<\/p>\n","protected":false},"featured_media":0,"template":"","product_brand":[],"product_cat":[561],"product_tag":[],"class_list":{"0":"post-40761","1":"product","2":"type-product","3":"status-publish","5":"product_cat-verschiendene-hydraulikventile","6":"odd","8":"first","9":"instock","10":"shipping-taxable","11":"product-type-simple"},"_links":{"self":[{"href":"https:\/\/contarini.net\/de\/wp-json\/wp\/v2\/product\/40761","targetHints":{"allow":["GET"]}}],"collection":[{"href":"https:\/\/contarini.net\/de\/wp-json\/wp\/v2\/product"}],"about":[{"href":"https:\/\/contarini.net\/de\/wp-json\/wp\/v2\/types\/product"}],"wp:attachment":[{"href":"https:\/\/contarini.net\/de\/wp-json\/wp\/v2\/media?parent=40761"}],"wp:term":[{"taxonomy":"product_brand","embeddable":true,"href":"https:\/\/contarini.net\/de\/wp-json\/wp\/v2\/product_brand?post=40761"},{"taxonomy":"product_cat","embeddable":true,"href":"https:\/\/contarini.net\/de\/wp-json\/wp\/v2\/product_cat?post=40761"},{"taxonomy":"product_tag","embeddable":true,"href":"https:\/\/contarini.net\/de\/wp-json\/wp\/v2\/product_tag?post=40761"}],"curies":[{"name":"wp","href":"https:\/\/api.w.org\/{rel}","templated":true}]}}