{"id":40758,"date":"2016-09-06T17:17:30","date_gmt":"2016-09-06T15:17:30","guid":{"rendered":"https:\/\/contarini.net\/de\/produkt\/fcr-2t-nc-de\/"},"modified":"2016-09-06T17:17:31","modified_gmt":"2016-09-06T15:17:31","slug":"fcr-2t-nc-de","status":"publish","type":"product","link":"https:\/\/contarini.net\/de\/produkt\/fcr-2t-nc-de\/","title":{"rendered":"HUBBEGRENZUNGSVENTIL &#8211; NORMALERWEISE GESCHLOSSEN TYP FCR-2T NC"},"content":{"rendered":"<p>Das normaler Weise geschlossene Hubbegrenzungsventil der Serie FCR-2T NC wird verwendet, um den \u00d6ldurchfluss in einem Hydraulikkreislauf zu \u00f6ffnen (Ventil normaler Weise geschlossen). Das \u00d6ffnen des Ventils erfolgt durch Schieben oder Ziehen des Schiebers.<\/p>\n","protected":false},"excerpt":{"rendered":"<p>Das normaler Weise geschlossene Hubbegrenzungsventil der Serie FCR-2T NC wird verwendet, um den \u00d6ldurchfluss in einem Hydraulikkreislauf zu \u00f6ffnen (Ventil normaler Weise geschlossen). Das \u00d6ffnen des Ventils erfolgt durch Schieben oder Ziehen des Schiebers.<\/p>\n","protected":false},"featured_media":0,"template":"","product_brand":[],"product_cat":[561],"product_tag":[],"class_list":{"0":"post-40758","1":"product","2":"type-product","3":"status-publish","5":"product_cat-verschiendene-hydraulikventile","6":"odd","8":"first","9":"instock","10":"shipping-taxable","11":"product-type-simple"},"_links":{"self":[{"href":"https:\/\/contarini.net\/de\/wp-json\/wp\/v2\/product\/40758","targetHints":{"allow":["GET"]}}],"collection":[{"href":"https:\/\/contarini.net\/de\/wp-json\/wp\/v2\/product"}],"about":[{"href":"https:\/\/contarini.net\/de\/wp-json\/wp\/v2\/types\/product"}],"wp:attachment":[{"href":"https:\/\/contarini.net\/de\/wp-json\/wp\/v2\/media?parent=40758"}],"wp:term":[{"taxonomy":"product_brand","embeddable":true,"href":"https:\/\/contarini.net\/de\/wp-json\/wp\/v2\/product_brand?post=40758"},{"taxonomy":"product_cat","embeddable":true,"href":"https:\/\/contarini.net\/de\/wp-json\/wp\/v2\/product_cat?post=40758"},{"taxonomy":"product_tag","embeddable":true,"href":"https:\/\/contarini.net\/de\/wp-json\/wp\/v2\/product_tag?post=40758"}],"curies":[{"name":"wp","href":"https:\/\/api.w.org\/{rel}","templated":true}]}}