{"id":40755,"date":"2016-09-06T17:17:29","date_gmt":"2016-09-06T15:17:29","guid":{"rendered":"https:\/\/contarini.net\/de\/produkt\/fcr-1t-na-de\/"},"modified":"2016-09-06T17:17:30","modified_gmt":"2016-09-06T15:17:30","slug":"fcr-1t-na-de","status":"publish","type":"product","link":"https:\/\/contarini.net\/de\/produkt\/fcr-1t-na-de\/","title":{"rendered":"HUBBEGRENZUNGSVENTIl &#8211; NORMALERWEISE OFFEN TYP FCR-1T NA"},"content":{"rendered":"<p>Das normaler Weise ge\u00f6ffnete Hubbegrenzungsventil der Serie FCR-1T NA wird verwendet, um das Einstr\u00f6men von \u00d6l in einen Hydraulikkreislauf zu sperren oder um den Lauf eines Stellmotors aufzuhalten (Ventil normaler Weise ge\u00f6ffnet). Das Schlie\u00dfen des Ventils durch Schieben oder Ziehen des Schiebers erm\u00f6glicht ein unverz\u00fcgliches und totales Anhalten des \u00d6lflusses.<\/p>\n","protected":false},"excerpt":{"rendered":"<p>Das normaler Weise ge\u00f6ffnete Hubbegrenzungsventil der Serie FCR-1T NA wird verwendet, um das Einstr\u00f6men von \u00d6l in einen Hydraulikkreislauf zu sperren oder um den Lauf eines Stellmotors aufzuhalten (Ventil normaler Weise ge\u00f6ffnet). Das Schlie\u00dfen des Ventils durch Schieben oder Ziehen des Schiebers erm\u00f6glicht ein unverz\u00fcgliches und totales Anhalten des \u00d6lflusses.<\/p>\n","protected":false},"featured_media":0,"template":"","product_brand":[],"product_cat":[561],"product_tag":[],"class_list":{"0":"post-40755","1":"product","2":"type-product","3":"status-publish","5":"product_cat-verschiendene-hydraulikventile","6":"odd","8":"first","9":"instock","10":"shipping-taxable","11":"product-type-simple"},"_links":{"self":[{"href":"https:\/\/contarini.net\/de\/wp-json\/wp\/v2\/product\/40755","targetHints":{"allow":["GET"]}}],"collection":[{"href":"https:\/\/contarini.net\/de\/wp-json\/wp\/v2\/product"}],"about":[{"href":"https:\/\/contarini.net\/de\/wp-json\/wp\/v2\/types\/product"}],"wp:attachment":[{"href":"https:\/\/contarini.net\/de\/wp-json\/wp\/v2\/media?parent=40755"}],"wp:term":[{"taxonomy":"product_brand","embeddable":true,"href":"https:\/\/contarini.net\/de\/wp-json\/wp\/v2\/product_brand?post=40755"},{"taxonomy":"product_cat","embeddable":true,"href":"https:\/\/contarini.net\/de\/wp-json\/wp\/v2\/product_cat?post=40755"},{"taxonomy":"product_tag","embeddable":true,"href":"https:\/\/contarini.net\/de\/wp-json\/wp\/v2\/product_tag?post=40755"}],"curies":[{"name":"wp","href":"https:\/\/api.w.org\/{rel}","templated":true}]}}