{"id":40749,"date":"2016-09-06T17:17:27","date_gmt":"2016-09-06T15:17:27","guid":{"rendered":"https:\/\/contarini.net\/de\/produkt\/fcv-nc-de\/"},"modified":"2016-09-06T17:17:28","modified_gmt":"2016-09-06T15:17:28","slug":"fcv-nc-de","status":"publish","type":"product","link":"https:\/\/contarini.net\/de\/produkt\/fcv-nc-de\/","title":{"rendered":"HUBBEGRENZUNGSVENTIL &#8211; NORMALERWEISE GESCHLOSSEN TYP FCV..NC"},"content":{"rendered":"<p>Das normaler Weise geschlossene Hubbegrenzungsventil der Serie FCV \u2026 NC wird verwendet, um den \u00d6ldurchfluss in einem Hydraulikkreislauf zu \u00f6ffnen (Ventil normalerweise geschlossen). Wurde der Schieber einmal mechanisch bet\u00e4tigt, ist ein freier \u00d6ldurchfluss von P nach A m\u00f6glich. Er hat haupts\u00e4chlich zwei Verwendungen: a) Um die Abfolge zweier Stellantriebe zu bet\u00e4tigen; b) Als Hubbegrenzungsventil, Fluss direkt an den Abfluss angeschlossen.<\/p>\n","protected":false},"excerpt":{"rendered":"<p>Das normaler Weise geschlossene Hubbegrenzungsventil der Serie FCV \u2026 NC wird verwendet, um den \u00d6ldurchfluss in einem Hydraulikkreislauf zu \u00f6ffnen (Ventil normalerweise geschlossen). Wurde der Schieber einmal mechanisch bet\u00e4tigt, ist ein freier \u00d6ldurchfluss von P nach A m\u00f6glich. Er hat haupts\u00e4chlich zwei Verwendungen: a) Um die Abfolge zweier Stellantriebe zu bet\u00e4tigen; b) Als Hubbegrenzungsventil, Fluss direkt an den Abfluss angeschlossen.<\/p>\n","protected":false},"featured_media":0,"template":"","product_brand":[],"product_cat":[561],"product_tag":[],"class_list":{"0":"post-40749","1":"product","2":"type-product","3":"status-publish","5":"product_cat-verschiendene-hydraulikventile","6":"odd","8":"first","9":"instock","10":"shipping-taxable","11":"product-type-simple"},"_links":{"self":[{"href":"https:\/\/contarini.net\/de\/wp-json\/wp\/v2\/product\/40749","targetHints":{"allow":["GET"]}}],"collection":[{"href":"https:\/\/contarini.net\/de\/wp-json\/wp\/v2\/product"}],"about":[{"href":"https:\/\/contarini.net\/de\/wp-json\/wp\/v2\/types\/product"}],"wp:attachment":[{"href":"https:\/\/contarini.net\/de\/wp-json\/wp\/v2\/media?parent=40749"}],"wp:term":[{"taxonomy":"product_brand","embeddable":true,"href":"https:\/\/contarini.net\/de\/wp-json\/wp\/v2\/product_brand?post=40749"},{"taxonomy":"product_cat","embeddable":true,"href":"https:\/\/contarini.net\/de\/wp-json\/wp\/v2\/product_cat?post=40749"},{"taxonomy":"product_tag","embeddable":true,"href":"https:\/\/contarini.net\/de\/wp-json\/wp\/v2\/product_tag?post=40749"}],"curies":[{"name":"wp","href":"https:\/\/api.w.org\/{rel}","templated":true}]}}