{"id":40746,"date":"2016-09-06T17:17:26","date_gmt":"2016-09-06T15:17:26","guid":{"rendered":"https:\/\/contarini.net\/de\/produkt\/v-fcc-nc-de\/"},"modified":"2016-09-06T17:17:27","modified_gmt":"2016-09-06T15:17:27","slug":"v-fcc-nc-de","status":"publish","type":"product","link":"https:\/\/contarini.net\/de\/produkt\/v-fcc-nc-de\/","title":{"rendered":"HUBBEGRENZUNGSVENTIL MECHANISCHEN KONTAKT &#8211; TYP V-FCC..NC"},"content":{"rendered":"<p>Das Hubbegrenzungsventil der Serie V-FCC..NC wird zum \u00d6ffnen des \u00d6ldurchgangs in einem Hydraulikkreis eingesetzt (Ventil normalerweise geschlossen). Nachdem der Absperrschieber mechanisch bet\u00e4tigt wurde ist der \u00d6ldurchgang von P nach A frei. Es kann prinzipiell f\u00fcr zwei Aufgaben eingesetzt werden: a) Um zwei Stellglieder nacheinander zu bet\u00e4tigen. b) Als Hubbegrenzungsventil, wobei der Fluss direkt an den Ablauf angeschlossen ist.<\/p>\n","protected":false},"excerpt":{"rendered":"<p>Das Hubbegrenzungsventil der Serie V-FCC..NC wird zum \u00d6ffnen des \u00d6ldurchgangs in einem Hydraulikkreis eingesetzt (Ventil normalerweise geschlossen). Nachdem der Absperrschieber mechanisch bet\u00e4tigt wurde ist der \u00d6ldurchgang von P nach A frei. Es kann prinzipiell f\u00fcr zwei Aufgaben eingesetzt werden: a) Um zwei Stellglieder nacheinander zu bet\u00e4tigen. b) Als Hubbegrenzungsventil, wobei der Fluss direkt an den Ablauf angeschlossen ist.<\/p>\n","protected":false},"featured_media":0,"template":"","product_brand":[],"product_cat":[561],"product_tag":[],"class_list":{"0":"post-40746","1":"product","2":"type-product","3":"status-publish","5":"product_cat-verschiendene-hydraulikventile","6":"odd","8":"first","9":"instock","10":"shipping-taxable","11":"product-type-simple"},"_links":{"self":[{"href":"https:\/\/contarini.net\/de\/wp-json\/wp\/v2\/product\/40746","targetHints":{"allow":["GET"]}}],"collection":[{"href":"https:\/\/contarini.net\/de\/wp-json\/wp\/v2\/product"}],"about":[{"href":"https:\/\/contarini.net\/de\/wp-json\/wp\/v2\/types\/product"}],"wp:attachment":[{"href":"https:\/\/contarini.net\/de\/wp-json\/wp\/v2\/media?parent=40746"}],"wp:term":[{"taxonomy":"product_brand","embeddable":true,"href":"https:\/\/contarini.net\/de\/wp-json\/wp\/v2\/product_brand?post=40746"},{"taxonomy":"product_cat","embeddable":true,"href":"https:\/\/contarini.net\/de\/wp-json\/wp\/v2\/product_cat?post=40746"},{"taxonomy":"product_tag","embeddable":true,"href":"https:\/\/contarini.net\/de\/wp-json\/wp\/v2\/product_tag?post=40746"}],"curies":[{"name":"wp","href":"https:\/\/api.w.org\/{rel}","templated":true}]}}