{"id":40743,"date":"2016-09-06T17:17:25","date_gmt":"2016-09-06T15:17:25","guid":{"rendered":"https:\/\/contarini.net\/de\/produkt\/fc-a-de\/"},"modified":"2016-09-06T17:17:25","modified_gmt":"2016-09-06T15:17:25","slug":"fc-a-de","status":"publish","type":"product","link":"https:\/\/contarini.net\/de\/produkt\/fc-a-de\/","title":{"rendered":"HUBBEGRENZUNGSVENTIl &#8211; NORMALERWEISE OFFENTYP FC-A"},"content":{"rendered":"<p>Das Hubbegrenzungsventil der Serie VC-A wird zum Schlie\u00dfen des \u00d6ldurchgangs in einem Hydraulikkreis \u00fcber ein mechanisches Bedienelement eingesetzt (Durchfluss normalerweise in beide Richtungen ge\u00f6ffnet).<\/p>\n","protected":false},"excerpt":{"rendered":"<p>Das Hubbegrenzungsventil der Serie VC-A wird zum Schlie\u00dfen des \u00d6ldurchgangs in einem Hydraulikkreis \u00fcber ein mechanisches Bedienelement eingesetzt (Durchfluss normalerweise in beide Richtungen ge\u00f6ffnet).<\/p>\n","protected":false},"featured_media":0,"template":"","product_brand":[],"product_cat":[561],"product_tag":[],"class_list":{"0":"post-40743","1":"product","2":"type-product","3":"status-publish","5":"product_cat-verschiendene-hydraulikventile","6":"odd","8":"first","9":"instock","10":"shipping-taxable","11":"product-type-simple"},"_links":{"self":[{"href":"https:\/\/contarini.net\/de\/wp-json\/wp\/v2\/product\/40743","targetHints":{"allow":["GET"]}}],"collection":[{"href":"https:\/\/contarini.net\/de\/wp-json\/wp\/v2\/product"}],"about":[{"href":"https:\/\/contarini.net\/de\/wp-json\/wp\/v2\/types\/product"}],"wp:attachment":[{"href":"https:\/\/contarini.net\/de\/wp-json\/wp\/v2\/media?parent=40743"}],"wp:term":[{"taxonomy":"product_brand","embeddable":true,"href":"https:\/\/contarini.net\/de\/wp-json\/wp\/v2\/product_brand?post=40743"},{"taxonomy":"product_cat","embeddable":true,"href":"https:\/\/contarini.net\/de\/wp-json\/wp\/v2\/product_cat?post=40743"},{"taxonomy":"product_tag","embeddable":true,"href":"https:\/\/contarini.net\/de\/wp-json\/wp\/v2\/product_tag?post=40743"}],"curies":[{"name":"wp","href":"https:\/\/api.w.org\/{rel}","templated":true}]}}